{"id":1066,"date":"2018-07-19T08:24:43","date_gmt":"2018-07-19T08:24:43","guid":{"rendered":"https:\/\/bamblue-riad-marrakech.com\/index.php\/navette-privee-pour-laeroport\/"},"modified":"2025-12-03T13:41:37","modified_gmt":"2025-12-03T13:41:37","slug":"navette-privee-pour-laeroport","status":"publish","type":"page","link":"https:\/\/bamblue-riad-marrakech.com\/fr\/index.php\/navette-privee-pour-laeroport\/","title":{"rendered":"Navette A\u00e9roport"},"content":{"rendered":"\t\t<div data-elementor-type=\"wp-page\" data-elementor-id=\"1066\" class=\"elementor elementor-1066 elementor-22\" data-elementor-post-type=\"page\">\n\t\t\t\t<div class=\"elementor-element elementor-element-307b934f e-flex e-con-boxed e-con e-parent\" data-id=\"307b934f\" data-element_type=\"container\" data-e-type=\"container\">\n\t\t\t\t\t<div class=\"e-con-inner\">\n\t\t\t\t<div class=\"elementor-element elementor-element-3454e0fa elementor-widget elementor-widget-text-editor\" data-id=\"3454e0fa\" data-element_type=\"widget\" data-e-type=\"widget\" data-widget_type=\"text-editor.default\">\n\t\t\t\t<div class=\"elementor-widget-container\">\n\t\t\t\t\t\t\t\t\t<p>Commencez et terminez vos vacances dans une tranquillit\u00e9 et un confort absolus gr\u00e2ce \u00e0 notre service fiable de navette a\u00e9roport. Nous organisons un transfert sans faille entre l&#8217;a\u00e9roport de Marrakech-Menara (RAK) et votre villa, garantissant un voyage sans tracas ni stress. <\/p><p><span style=\"font-size: 1rem;\">Apr\u00e8s un vol, il n&#8217;y a rien de mieux que de savoir que quelqu&#8217;un vous attend. Notre chauffeur professionnel, anglophone, sera pr\u00eat dans le hall des arriv\u00e9es avec une pancarte portant votre nom. Il vous aidera avec vos bagages et vous conduira directement \u00e0 la villa dans un v\u00e9hicule confortable et climatis\u00e9. Pas de marchandage pour les tarifs de taxi, pas de recherche du bon bus, ni de navigation dans une ville inconnue.<\/span><\/p><p>Pour vous garantir le meilleur service possible, nous vous prions de bien vouloir demander ce service \u00e0 l&#8217;avance au moment de la r\u00e9servation ou par e-mail s\u00e9par\u00e9. Cela nous permet de coordonner parfaitement les horaires de nos chauffeurs avec votre itin\u00e9raire de vol, qu&#8217;il s&#8217;agisse d&#8217;un vol t\u00f4t le matin ou tard le soir. Nous garantissons un prix fixe et transparent sans frais cach\u00e9s.<\/p><p>Nos chauffeurs sont exp\u00e9riment\u00e9s, connaissent parfaitement les itin\u00e9raires et assurent un trajet s\u00fbr et agr\u00e9able. Pendant que vous vous d\u00e9tendez, vous pouvez profiter de votre premier aper\u00e7u du paysage marocain. Pour votre d\u00e9part, nous vous ram\u00e8nerons bien s\u00fbr \u00e0 l&#8217;a\u00e9roport \u00e0 l&#8217;heure, afin que vous puissiez vous enregistrer en toute tranquillit\u00e9.<\/p><p>Choisissez le d\u00e9but et la fin parfaits pour vos vacances de r\u00eave. R\u00e9servez votre transfert a\u00e9roport avec riad BamBlue et voyagez en toute confiance.<\/p>\t\t\t\t\t\t\t\t<\/div>\n\t\t\t\t<\/div>\n\t\t\t\t<div class=\"elementor-element elementor-element-e49b07c elementor-widget elementor-widget-spacer\" data-id=\"e49b07c\" data-element_type=\"widget\" data-e-type=\"widget\" data-widget_type=\"spacer.default\">\n\t\t\t\t<div class=\"elementor-widget-container\">\n\t\t\t\t\t\t\t<div class=\"elementor-spacer\">\n\t\t\t<div class=\"elementor-spacer-inner\"><\/div>\n\t\t<\/div>\n\t\t\t\t\t\t<\/div>\n\t\t\t\t<\/div>\n\t\t\t\t<div class=\"elementor-element elementor-element-241a968 elementor-align-center elementor-widget elementor-widget-button\" data-id=\"241a968\" data-element_type=\"widget\" data-e-type=\"widget\" data-widget_type=\"button.default\">\n\t\t\t\t<div class=\"elementor-widget-container\">\n\t\t\t\t\t\t\t\t\t<div class=\"elementor-button-wrapper\">\n\t\t\t\t\t<a class=\"elementor-button elementor-button-link elementor-size-sm\" href=\"https:\/\/bamblue-riad-marrakech.com\/index.php\/bamblue-amenities\/\">\n\t\t\t\t\t\t<span class=\"elementor-button-content-wrapper\">\n\t\t\t\t\t\t\t\t\t<span class=\"elementor-button-text\">Retourner aux commodit\u00e9s<\/span>\n\t\t\t\t\t<\/span>\n\t\t\t\t\t<\/a>\n\t\t\t\t<\/div>\n\t\t\t\t\t\t\t\t<\/div>\n\t\t\t\t<\/div>\n\t\t\t\t\t<\/div>\n\t\t\t\t<\/div>\n\t\t\t\t<\/div>\n\t\t","protected":false},"excerpt":{"rendered":"<p>Commencez et terminez vos vacances dans une tranquillit\u00e9 et un confort absolus gr\u00e2ce \u00e0 notre service fiable de navette a\u00e9roport. Nous organisons un transfert sans faille entre l&#8217;a\u00e9roport de Marrakech-Menara (RAK) et votre villa, garantissant un voyage sans tracas ni stress. Apr\u00e8s un vol, il n&#8217;y a rien de mieux que de savoir que quelqu&#8217;un &hellip; <a href=\"https:\/\/bamblue-riad-marrakech.com\/fr\/index.php\/navette-privee-pour-laeroport\/\" class=\"more-link\">Continue reading<span class=\"screen-reader-text\"> &#8220;Navette A\u00e9roport&#8221;<\/span><\/a><\/p>\n","protected":false},"author":1,"featured_media":1068,"parent":0,"menu_order":0,"comment_status":"closed","ping_status":"closed","template":"template-full-width-grid-page.php","meta":{"inline_featured_image":false,"footnotes":""},"class_list":["post-1066","page","type-page","status-publish","has-post-thumbnail","hentry"],"aioseo_notices":[],"jetpack_sharing_enabled":true,"_links":{"self":[{"href":"https:\/\/bamblue-riad-marrakech.com\/fr\/index.php\/wp-json\/wp\/v2\/pages\/1066","targetHints":{"allow":["GET"]}}],"collection":[{"href":"https:\/\/bamblue-riad-marrakech.com\/fr\/index.php\/wp-json\/wp\/v2\/pages"}],"about":[{"href":"https:\/\/bamblue-riad-marrakech.com\/fr\/index.php\/wp-json\/wp\/v2\/types\/page"}],"author":[{"embeddable":true,"href":"https:\/\/bamblue-riad-marrakech.com\/fr\/index.php\/wp-json\/wp\/v2\/users\/1"}],"replies":[{"embeddable":true,"href":"https:\/\/bamblue-riad-marrakech.com\/fr\/index.php\/wp-json\/wp\/v2\/comments?post=1066"}],"version-history":[{"count":8,"href":"https:\/\/bamblue-riad-marrakech.com\/fr\/index.php\/wp-json\/wp\/v2\/pages\/1066\/revisions"}],"predecessor-version":[{"id":1989,"href":"https:\/\/bamblue-riad-marrakech.com\/fr\/index.php\/wp-json\/wp\/v2\/pages\/1066\/revisions\/1989"}],"wp:featuredmedia":[{"embeddable":true,"href":"https:\/\/bamblue-riad-marrakech.com\/fr\/index.php\/wp-json\/wp\/v2\/media\/1068"}],"wp:attachment":[{"href":"https:\/\/bamblue-riad-marrakech.com\/fr\/index.php\/wp-json\/wp\/v2\/media?parent=1066"}],"curies":[{"name":"wp","href":"https:\/\/api.w.org\/{rel}","templated":true}]}}