{"id":1106,"date":"2018-07-19T08:28:22","date_gmt":"2018-07-19T08:28:22","guid":{"rendered":"https:\/\/bamblue-riad-marrakech.com\/index.php\/parking-prive\/"},"modified":"2025-12-03T13:41:59","modified_gmt":"2025-12-03T13:41:59","slug":"parking-prive","status":"publish","type":"page","link":"https:\/\/bamblue-riad-marrakech.com\/fr\/index.php\/parking-prive\/","title":{"rendered":"Parking priv\u00e9"},"content":{"rendered":"\t\t<div data-elementor-type=\"wp-page\" data-elementor-id=\"1106\" class=\"elementor elementor-1106 elementor-37\" data-elementor-post-type=\"page\">\n\t\t\t\t<div class=\"elementor-element elementor-element-2f234e9a e-flex e-con-boxed e-con e-parent\" data-id=\"2f234e9a\" data-element_type=\"container\" data-e-type=\"container\">\n\t\t\t\t\t<div class=\"e-con-inner\">\n\t\t\t\t<div class=\"elementor-element elementor-element-4464fc1c elementor-widget elementor-widget-text-editor\" data-id=\"4464fc1c\" data-element_type=\"widget\" data-e-type=\"widget\" data-widget_type=\"text-editor.default\">\n\t\t\t\t<div class=\"elementor-widget-container\">\n\t\t\t\t\t\t\t\t\t<p>Voyagez-vous en voiture ou en louez-vous une pour explorer les magnifiques environs de Marrakech ? Le Riad BamBlue offre la solution ultime \u00e0 un stress de voyage courant : un stationnement garanti.<br><br>Notre riad est enti\u00e8rement clos et dispose d&#8217;une spacieuse cour int\u00e9rieure priv\u00e9e o\u00f9 vous pouvez garer votre voiture gratuitement et \u00e0 l&#8217;abri des intemp\u00e9ries en toute s\u00e9curit\u00e9. Cela signifie que vous n&#8217;aurez plus besoin de passer des heures \u00e0 chercher une place de stationnement, \u00e0 engager des frais pour un parking public, ou \u00e0 vous inqui\u00e9ter de la s\u00e9curit\u00e9 de votre v\u00e9hicule.<br><br>Les portes de notre villa se referment derri\u00e8re vous, cr\u00e9ant un domaine priv\u00e9 et s\u00e9curis\u00e9. Non seulement votre voiture est hors de vue, mais elle est \u00e9galement prot\u00e9g\u00e9e des \u00e9l\u00e9ments (soleil) et se trouve \u00e0 l&#8217;int\u00e9rieur des m\u00eames murs s\u00e9curis\u00e9s o\u00f9 vous s\u00e9journez. Cela procure un sentiment inestimable de s\u00e9curit\u00e9 et de commodit\u00e9.<br><br>L&#8217;emplacement de notre villa, \u00e0 seulement 18 km du centre de Marrakech, est parfait pour explorer la r\u00e9gion. Apr\u00e8s une excursion d&#8217;une journ\u00e9e dans les montagnes de l&#8217;Atlas, sur la c\u00f4te ou dans les souks, vous revenez \u00e0 un endroit o\u00f9 votre voiture est pr\u00eate \u00e0 votre porte. Vous pouvez facilement rentrer vos courses, et vos enfants et vos affaires ne sont qu&#8217;\u00e0 quelques pas.<br><br>Choisissez des vacances sans souci o\u00f9 chaque d\u00e9tail est pris en charge, y compris votre place de stationnement. Au Riad BamBlue, votre v\u00e9hicule est tout autant notre invit\u00e9 que vous.<\/p>\t\t\t\t\t\t\t\t<\/div>\n\t\t\t\t<\/div>\n\t\t\t\t<div class=\"elementor-element elementor-element-8919323 elementor-widget elementor-widget-spacer\" data-id=\"8919323\" data-element_type=\"widget\" data-e-type=\"widget\" data-widget_type=\"spacer.default\">\n\t\t\t\t<div class=\"elementor-widget-container\">\n\t\t\t\t\t\t\t<div class=\"elementor-spacer\">\n\t\t\t<div class=\"elementor-spacer-inner\"><\/div>\n\t\t<\/div>\n\t\t\t\t\t\t<\/div>\n\t\t\t\t<\/div>\n\t\t\t\t<div class=\"elementor-element elementor-element-a6c599d elementor-align-center elementor-widget elementor-widget-button\" data-id=\"a6c599d\" data-element_type=\"widget\" data-e-type=\"widget\" data-widget_type=\"button.default\">\n\t\t\t\t<div class=\"elementor-widget-container\">\n\t\t\t\t\t\t\t\t\t<div class=\"elementor-button-wrapper\">\n\t\t\t\t\t<a class=\"elementor-button elementor-button-link elementor-size-sm\" href=\"https:\/\/bamblue-riad-marrakech.com\/index.php\/bamblue-amenities\/\">\n\t\t\t\t\t\t<span class=\"elementor-button-content-wrapper\">\n\t\t\t\t\t\t\t\t\t<span class=\"elementor-button-text\">Retourner aux commodit\u00e9s<\/span>\n\t\t\t\t\t<\/span>\n\t\t\t\t\t<\/a>\n\t\t\t\t<\/div>\n\t\t\t\t\t\t\t\t<\/div>\n\t\t\t\t<\/div>\n\t\t\t\t\t<\/div>\n\t\t\t\t<\/div>\n\t\t\t\t<\/div>\n\t\t","protected":false},"excerpt":{"rendered":"<p>Voyagez-vous en voiture ou en louez-vous une pour explorer les magnifiques environs de Marrakech ? Le Riad BamBlue offre la solution ultime \u00e0 un stress de voyage courant : un stationnement garanti. Notre riad est enti\u00e8rement clos et dispose d&#8217;une spacieuse cour int\u00e9rieure priv\u00e9e o\u00f9 vous pouvez garer votre voiture gratuitement et \u00e0 l&#8217;abri des &hellip; <a href=\"https:\/\/bamblue-riad-marrakech.com\/fr\/index.php\/parking-prive\/\" class=\"more-link\">Continue reading<span class=\"screen-reader-text\"> &#8220;Parking priv\u00e9&#8221;<\/span><\/a><\/p>\n","protected":false},"author":1,"featured_media":1080,"parent":0,"menu_order":0,"comment_status":"closed","ping_status":"closed","template":"template-full-width-grid-page.php","meta":{"inline_featured_image":false,"footnotes":""},"class_list":["post-1106","page","type-page","status-publish","has-post-thumbnail","hentry"],"aioseo_notices":[],"jetpack_sharing_enabled":true,"_links":{"self":[{"href":"https:\/\/bamblue-riad-marrakech.com\/fr\/index.php\/wp-json\/wp\/v2\/pages\/1106","targetHints":{"allow":["GET"]}}],"collection":[{"href":"https:\/\/bamblue-riad-marrakech.com\/fr\/index.php\/wp-json\/wp\/v2\/pages"}],"about":[{"href":"https:\/\/bamblue-riad-marrakech.com\/fr\/index.php\/wp-json\/wp\/v2\/types\/page"}],"author":[{"embeddable":true,"href":"https:\/\/bamblue-riad-marrakech.com\/fr\/index.php\/wp-json\/wp\/v2\/users\/1"}],"replies":[{"embeddable":true,"href":"https:\/\/bamblue-riad-marrakech.com\/fr\/index.php\/wp-json\/wp\/v2\/comments?post=1106"}],"version-history":[{"count":4,"href":"https:\/\/bamblue-riad-marrakech.com\/fr\/index.php\/wp-json\/wp\/v2\/pages\/1106\/revisions"}],"predecessor-version":[{"id":1996,"href":"https:\/\/bamblue-riad-marrakech.com\/fr\/index.php\/wp-json\/wp\/v2\/pages\/1106\/revisions\/1996"}],"wp:featuredmedia":[{"embeddable":true,"href":"https:\/\/bamblue-riad-marrakech.com\/fr\/index.php\/wp-json\/wp\/v2\/media\/1080"}],"wp:attachment":[{"href":"https:\/\/bamblue-riad-marrakech.com\/fr\/index.php\/wp-json\/wp\/v2\/media?parent=1106"}],"curies":[{"name":"wp","href":"https:\/\/api.w.org\/{rel}","templated":true}]}}