{"id":1109,"date":"2018-07-19T08:27:42","date_gmt":"2018-07-19T08:27:42","guid":{"rendered":"https:\/\/bamblue-riad-marrakech.com\/index.php\/piscine\/"},"modified":"2025-12-03T13:41:43","modified_gmt":"2025-12-03T13:41:43","slug":"piscine","status":"publish","type":"page","link":"https:\/\/bamblue-riad-marrakech.com\/fr\/index.php\/piscine\/","title":{"rendered":"Piscine"},"content":{"rendered":"\t\t<div data-elementor-type=\"wp-page\" data-elementor-id=\"1109\" class=\"elementor elementor-1109 elementor-34\" data-elementor-post-type=\"page\">\n\t\t\t\t<div class=\"elementor-element elementor-element-b3e391 e-flex e-con-boxed e-con e-parent\" data-id=\"b3e391\" data-element_type=\"container\" data-e-type=\"container\">\n\t\t\t\t\t<div class=\"e-con-inner\">\n\t\t\t\t<div class=\"elementor-element elementor-element-2034c2da elementor-widget elementor-widget-text-editor\" data-id=\"2034c2da\" data-element_type=\"widget\" data-e-type=\"widget\" data-widget_type=\"text-editor.default\">\n\t\t\t\t<div class=\"elementor-widget-container\">\n\t\t\t\t\t\t\t\t\t<p>Plongez dans le luxe rafra\u00eechissant de votre propre piscine priv\u00e9e au Riad BamBlue. Notre spacieuse piscine, mesurant 12 m\u00e8tres sur 6 m\u00e8tres, est le point central id\u00e9al pour la d\u00e9tente et le divertissement, con\u00e7ue pour des heures de plaisir pour toute la famille et les amis. <br><br>Que le soleil marocain brille intens\u00e9ment ou soit un peu plus doux, l&#8217;eau est toujours \u00e0 la temp\u00e9rature id\u00e9ale. Gr\u00e2ce \u00e0 notre pompe \u00e0 chaleur moderne, vous pouvez profiter d&#8217;une temp\u00e9rature d&#8217;eau confortable et chauff\u00e9e toute l&#8217;ann\u00e9e. Une baignade rafra\u00eechissante par forte chaleur estivale ou une nage relaxante en soir\u00e9e sous un ciel \u00e9toil\u00e9 ; chaque jour est propice \u00e0 la baignade.<br><br>La piscine est entour\u00e9e d&#8217;une grande terrasse avec des chaises longues confortables o\u00f9 vous pouvez prendre un bain de soleil, lire un livre ou savourer une boisson fra\u00eeche. L&#8217;espace lounge adjacent, avec ses si\u00e8ges confortables et ses coussins, vous invite \u00e0 vous r\u00e9unir avec vos proches apr\u00e8s la baignade. C&#8217;est l&#8217;endroit id\u00e9al pour un barbecue en famille ou une soir\u00e9e entre amis.<br><br>Nous comprenons que la s\u00e9curit\u00e9 autour de l&#8217;eau est essentielle, en particulier avec des enfants. La cl\u00f4ture et la conception de la piscine offrent un environnement sans souci o\u00f9 les parents peuvent se d\u00e9tendre. La taille de la piscine est id\u00e9ale pour nager des longueurs, jouer \u00e0 des jeux aquatiques ou simplement se rafra\u00eechir.<br><br>Que vous souhaitiez \u00eatre actif ou simplement vous d\u00e9tendre compl\u00e8tement, l&#8217;espace piscine de la Villa BamBlue est votre resort personnel. Commencez la journ\u00e9e par une baignade matinale, rafra\u00eechissez-vous apr\u00e8s une journ\u00e9e de visites, et terminez la soir\u00e9e par une baignade magique dans l&#8217;eau illumin\u00e9e.<\/p>\t\t\t\t\t\t\t\t<\/div>\n\t\t\t\t<\/div>\n\t\t\t\t<div class=\"elementor-element elementor-element-90335b7 elementor-widget elementor-widget-spacer\" data-id=\"90335b7\" data-element_type=\"widget\" data-e-type=\"widget\" data-widget_type=\"spacer.default\">\n\t\t\t\t<div class=\"elementor-widget-container\">\n\t\t\t\t\t\t\t<div class=\"elementor-spacer\">\n\t\t\t<div class=\"elementor-spacer-inner\"><\/div>\n\t\t<\/div>\n\t\t\t\t\t\t<\/div>\n\t\t\t\t<\/div>\n\t\t\t\t<div class=\"elementor-element elementor-element-48659d0 elementor-align-center elementor-widget elementor-widget-button\" data-id=\"48659d0\" data-element_type=\"widget\" data-e-type=\"widget\" data-widget_type=\"button.default\">\n\t\t\t\t<div class=\"elementor-widget-container\">\n\t\t\t\t\t\t\t\t\t<div class=\"elementor-button-wrapper\">\n\t\t\t\t\t<a class=\"elementor-button elementor-button-link elementor-size-sm\" href=\"https:\/\/bamblue-riad-marrakech.com\/index.php\/bamblue-amenities\/\">\n\t\t\t\t\t\t<span class=\"elementor-button-content-wrapper\">\n\t\t\t\t\t\t\t\t\t<span class=\"elementor-button-text\">Retourner aux commodit\u00e9s<\/span>\n\t\t\t\t\t<\/span>\n\t\t\t\t\t<\/a>\n\t\t\t\t<\/div>\n\t\t\t\t\t\t\t\t<\/div>\n\t\t\t\t<\/div>\n\t\t\t\t\t<\/div>\n\t\t\t\t<\/div>\n\t\t\t\t<\/div>\n\t\t","protected":false},"excerpt":{"rendered":"<p>Plongez dans le luxe rafra\u00eechissant de votre propre piscine priv\u00e9e au Riad BamBlue. Notre spacieuse piscine, mesurant 12 m\u00e8tres sur 6 m\u00e8tres, est le point central id\u00e9al pour la d\u00e9tente et le divertissement, con\u00e7ue pour des heures de plaisir pour toute la famille et les amis. Que le soleil marocain brille intens\u00e9ment ou soit un &hellip; <a href=\"https:\/\/bamblue-riad-marrakech.com\/fr\/index.php\/piscine\/\" class=\"more-link\">Continue reading<span class=\"screen-reader-text\"> &#8220;Piscine&#8221;<\/span><\/a><\/p>\n","protected":false},"author":1,"featured_media":1086,"parent":0,"menu_order":0,"comment_status":"closed","ping_status":"closed","template":"template-full-width-grid-page.php","meta":{"inline_featured_image":false,"footnotes":""},"class_list":["post-1109","page","type-page","status-publish","has-post-thumbnail","hentry"],"aioseo_notices":[],"jetpack_sharing_enabled":true,"_links":{"self":[{"href":"https:\/\/bamblue-riad-marrakech.com\/fr\/index.php\/wp-json\/wp\/v2\/pages\/1109","targetHints":{"allow":["GET"]}}],"collection":[{"href":"https:\/\/bamblue-riad-marrakech.com\/fr\/index.php\/wp-json\/wp\/v2\/pages"}],"about":[{"href":"https:\/\/bamblue-riad-marrakech.com\/fr\/index.php\/wp-json\/wp\/v2\/types\/page"}],"author":[{"embeddable":true,"href":"https:\/\/bamblue-riad-marrakech.com\/fr\/index.php\/wp-json\/wp\/v2\/users\/1"}],"replies":[{"embeddable":true,"href":"https:\/\/bamblue-riad-marrakech.com\/fr\/index.php\/wp-json\/wp\/v2\/comments?post=1109"}],"version-history":[{"count":2,"href":"https:\/\/bamblue-riad-marrakech.com\/fr\/index.php\/wp-json\/wp\/v2\/pages\/1109\/revisions"}],"predecessor-version":[{"id":1992,"href":"https:\/\/bamblue-riad-marrakech.com\/fr\/index.php\/wp-json\/wp\/v2\/pages\/1109\/revisions\/1992"}],"wp:featuredmedia":[{"embeddable":true,"href":"https:\/\/bamblue-riad-marrakech.com\/fr\/index.php\/wp-json\/wp\/v2\/media\/1086"}],"wp:attachment":[{"href":"https:\/\/bamblue-riad-marrakech.com\/fr\/index.php\/wp-json\/wp\/v2\/media?parent=1109"}],"curies":[{"name":"wp","href":"https:\/\/api.w.org\/{rel}","templated":true}]}}