{"id":1138,"date":"2021-02-08T13:10:00","date_gmt":"2021-02-08T13:10:00","guid":{"rendered":"https:\/\/bamblue-riad-marrakech.com\/index.php\/le-quardo\/"},"modified":"2025-09-10T12:37:38","modified_gmt":"2025-09-10T12:37:38","slug":"le-quardo","status":"publish","type":"page","link":"https:\/\/bamblue-riad-marrakech.com\/fr\/index.php\/le-quardo\/","title":{"rendered":"Le quardo"},"content":{"rendered":"<p>[vc_row use_container=&#8221;yes&#8221;][vc_column][vc_row_inner][vc_column_inner][ts_section_title title_align=&#8221;text-center&#8221;]<\/p>\n<h6>BIENVENUE CHEZ PRIDE OF HOTELS<\/h6>\n<h2>Le groupe h\u00f4telier se sp\u00e9cialise dans<br \/>\nl&#8217;offre de luxe<\/h2>\n<p>[\/ts_section_title][\/vc_column_inner][\/vc_row_inner][vc_row_inner content_placement=&#8221;middle&#8221;][vc_column_inner offset=&#8221;vc_col-md-6&#8243;][ts_text_box]Nos <strong>15 propri\u00e9t\u00e9s<\/strong>, chacune parfaitement situ\u00e9e dans certaines des destinations les plus embl\u00e9matiques et d\u00e9sirables du Royaume-Uni, disposent de chambres luxueuses, d&#8217;excellents restaurants internes, de spas de haute qualit\u00e9 et d&#8217;installations \u00e9v\u00e9nementielles <u>de premier ordre<\/u>. Il n&#8217;est pas \u00e9tonnant que nous soyons la marque h\u00f4teli\u00e8re \u00e9mergente la plus passionnante et dont on parle le plus au Royaume-Uni. <\/p>\n<p>Contrairement \u00e0 d&#8217;autres h\u00f4tels, les h\u00f4tels Pride se targuent d&#8217;offrir \u00e0 leurs clients des restaurants prim\u00e9s sur place et notre <u>philosophie culinaire est simple<\/u> : des ingr\u00e9dients de saison pour mettre en valeur les meilleures saveurs de la r\u00e9gion.[\/ts_text_box][\/vc_column_inner][vc_column_inner offset=&#8221;vc_col-lg-offset-2 vc_col-lg-4 vc_col-md-offset-1 vc_col-md-5&#8243;][ts_testimonial_box overlap=&#8221;bottom&#8221; button_label=&#8221;VIEW ROOMS&#8221; button_url=&#8221;\/our-rooms&#8221;][\/vc_column_inner][\/vc_row_inner][vc_row_inner][vc_column_inner][ts_image image=&#8221;274&#8243; alt=&#8221;Image&#8221;][\/vc_column_inner][\/vc_row_inner][\/vc_column][\/vc_row][vc_row motts_theme_padding=&#8221;no&#8221; use_container=&#8221;yes&#8221; css=&#8221;.vc_custom_1612962031581{margin-bottom: 100px !important;}&#8221;][vc_column][vc_row_inner][vc_column_inner][ts_section_title]<\/p>\n<h6>H\u00d4TELS DE LUXE HAUT DE GAMME<\/h6>\n<h2>H\u00f4tels Quardo au Royaume-Uni<\/h2>\n<p>[\/ts_section_title][\/vc_column_inner][\/vc_row_inner][vc_row_inner][vc_column_inner][ts_text_box]Pride of Britain est une organisation \u00e0 but non lucratif repr\u00e9sentant certains des meilleurs h\u00f4tels ind\u00e9pendants de Grande-Bretagne. La collection a \u00e9t\u00e9 cr\u00e9\u00e9e en 1982 et continue d&#8217;\u00eatre contr\u00f4l\u00e9e par ses h\u00f4teliers membres, qui ont le dernier mot sur l&#8217;admission de nouvelles propri\u00e9t\u00e9s et bien d&#8217;autres aspects. [\/ts_text_box][vc_empty_space height=&#8221;30px&#8221;][\/vc_column_inner][\/vc_row_inner][vc_row_inner][vc_column_inner offset=&#8221;vc_col-md-6&#8243;][ts_package_box background=&#8221;#478564&#8243; title=&#8221;Forfaits tout compris&#8221; link_label=&#8221;SEE SPECIAL OFFERS&#8221; link_url=&#8221;#&#8221;]Parcourez notre s\u00e9lection actuelle de forfaits tout compris de Pride of Britain. Que ce soit la grandeur d&#8217;une maison de campagne, une retraite idyllique de luxe ou un refuge romantique, recherchez parmi nos 48 h\u00f4tels celui qui vous convient parfaitement. [\/ts_package_box][\/vc_column_inner][vc_column_inner offset=&#8221;vc_col-md-6&#8243;][ts_package_box background=&#8221;#476685&#8243; title=&#8221;Ch\u00e8ques-cadeaux&#8221; link_label=&#8221;BUY GIFT VOUCHERS&#8221; link_url=&#8221;#&#8221;]Offrez le cadeau du luxe avec les ch\u00e8ques-cadeaux de Pride of Britain Hotels. Ils peuvent \u00eatre utilis\u00e9s comme paiement int\u00e9gral ou partiel pour l&#8217;h\u00e9bergement ou les repas dans n&#8217;importe quel \u00e9tablissement membre de Pride of Britain. [\/ts_package_box][\/vc_column_inner][\/vc_row_inner][\/vc_column][\/vc_row][vc_row section_background_color=&#8221;#f5f3ec&#8221; use_container=&#8221;yes&#8221;][vc_column][vc_row_inner][vc_column_inner][ts_section_title title_align=&#8221;text-center&#8221;]<\/p>\n<h6>BIENVENUE CHEZ PRIDE OF HOTELS<\/h6>\n<h2>Le groupe h\u00f4telier se sp\u00e9cialise dans<br \/>\nl&#8217;offre de luxe<\/h2>\n<p>[\/ts_section_title][\/vc_column_inner][\/vc_row_inner][vc_row_inner el_class=&#8221;justify-content-center&#8221;][vc_column_inner width=&#8221;1\/2&#8243; offset=&#8221;vc_col-md-4&#8243;][ts_team_member member_name=&#8221;Jakki Romin&#8221; title=&#8221;Organisateur d&#8217;\u00e9v\u00e9nements&#8221; email=&#8221;jakki@thequardo.net&#8221; member=&#8221;288&#8243; details=&#8221;%5B%7B%22social_icon%22%3A%22%3Ci%20class%3D%5C%22lni%20lni-facebook-filled%5C%22%3E%3C%2Fi%3E%22%2C%22social_url%22%3A%22%23%22%7D%2C%7B%22social_icon%22%3A%22%3Ci%20class%3D%5C%22lni%20lni-twitter-original%5C%22%3E%3C%2Fi%3E%22%2C%22social_url%22%3A%22%23%22%7D%2C%7B%22social_icon%22%3A%22%3Ci%20class%3D%5C%22lni%20lni-instagram%5C%22%3E%3C%2Fi%3E%22%2C%22social_url%22%3A%22%23%22%7D%2C%7B%22social_icon%22%3A%22%3Ci%20class%3D%5C%22lni%20lni-youtube%5C%22%3E%3C%2Fi%3E%22%2C%22social_url%22%3A%22%23%22%7D%5D&#8221;][\/vc_column_inner][vc_column_inner width=&#8221;1\/2&#8243; offset=&#8221;vc_col-md-4&#8243;][ts_team_member member_name=&#8221;Beatriz Puente&#8221; title=&#8221;Directeur des op\u00e9rations&#8221; email=&#8221;beatriz@thequardo.net&#8221; member=&#8221;289&#8243; details=&#8221;%5B%7B%22social_icon%22%3A%22%3Ci%20class%3D%5C%22lni%20lni-facebook-filled%5C%22%3E%3C%2Fi%3E%22%2C%22social_url%22%3A%22%23%22%7D%2C%7B%22social_icon%22%3A%22%3Ci%20class%3D%5C%22lni%20lni-twitter-original%5C%22%3E%3C%2Fi%3E%22%2C%22social_url%22%3A%22%23%22%7D%2C%7B%22social_icon%22%3A%22%3Ci%20class%3D%5C%22lni%20lni-instagram%5C%22%3E%3C%2Fi%3E%22%2C%22social_url%22%3A%22%23%22%7D%2C%7B%22social_icon%22%3A%22%3Ci%20class%3D%5C%22lni%20lni-youtube%5C%22%3E%3C%2Fi%3E%22%2C%22social_url%22%3A%22%23%22%7D%5D&#8221;][\/vc_column_inner][vc_column_inner width=&#8221;1\/2&#8243; offset=&#8221;vc_col-md-4&#8243;][ts_team_member member_name=&#8221;Laia Lahoz&#8221; title=&#8221;Directeur des actifs&#8221; email=&#8221;laia@thequardo.net&#8221; member=&#8221;290&#8243; details=&#8221;%5B%7B%22social_icon%22%3A%22%3Ci%20class%3D%5C%22lni%20lni-facebook-filled%5C%22%3E%3C%2Fi%3E%22%2C%22social_url%22%3A%22%23%22%7D%2C%7B%22social_icon%22%3A%22%3Ci%20class%3D%5C%22lni%20lni-twitter-original%5C%22%3E%3C%2Fi%3E%22%2C%22social_url%22%3A%22%23%22%7D%2C%7B%22social_icon%22%3A%22%3Ci%20class%3D%5C%22lni%20lni-instagram%5C%22%3E%3C%2Fi%3E%22%2C%22social_url%22%3A%22%23%22%7D%2C%7B%22social_icon%22%3A%22%3Ci%20class%3D%5C%22lni%20lni-youtube%5C%22%3E%3C%2Fi%3E%22%2C%22social_url%22%3A%22%23%22%7D%5D&#8221;][\/vc_column_inner][\/vc_row_inner][\/vc_column][\/vc_row][vc_row use_container=&#8221;yes&#8221; section_background_image=&#8221;297&#8243;][vc_column][ts_video_box text=&#8221;Une hospitalit\u00e9 exceptionnelle est la cl\u00e9 de la r\u00e9putation d&#8217;excellence de longue date de Pride of Britain.&#8221; video_url=&#8221;http:\/\/quardo.themezinho.net\/wp-content\/uploads\/2021\/02\/video01.mp4&#8243;][\/vc_column][\/vc_row][vc_row content_placement=&#8221;middle&#8221; motts_theme_padding=&#8221;no&#8221; use_container=&#8221;yes&#8221;][vc_column offset=&#8221;vc_col-md-6&#8243;][ts_side_image full=&#8221;left-full-space&#8221; image=&#8221;43&#8243;][\/vc_column][vc_column offset=&#8221;vc_col-md-6&#8243;][ts_side_content]<\/p>\n<h6>SPA  SALLE DE SPORT<\/h6>\n<h2>D\u00e9tendez-vous, renouvelez-vous,<br \/>\nrevivifiez-vous<\/h2>\n<p>En plus du succ\u00e8s du Groupe dans ses bars et restaurants, le concept HarSPA a \u00e9t\u00e9 introduit dans l&#8217;ensemble du Groupe. Nos spas de luxe dans les h\u00f4tels disposent tous de <u>piscines<\/u>, de bassins d&#8217;hydroth\u00e9rapie, de saunas, de hammams et de salles de sport ou centres de fitness. De plus, nous avons \u00e9tabli des partenariats.  [\/ts_side_content][vc_empty_space height=&#8221;80px&#8221;][vc_row_inner][vc_column_inner width=&#8221;1\/2&#8243;][ts_side_image image=&#8221;44&#8243;][\/vc_column_inner][vc_column_inner width=&#8221;1\/2&#8243;][ts_side_image image=&#8221;45&#8243;][\/vc_column_inner][\/vc_row_inner][\/vc_column][\/vc_row][vc_row use_container=&#8221;yes&#8221;][vc_column][ts_newsletter shortcode=&#8221;`{`mc4wp_form id=&#8220;78&#8220;`}`&#8221;][\/vc_column][\/vc_row]<\/p>\n","protected":false},"excerpt":{"rendered":"<p>[vc_row use_container=&#8221;yes&#8221;][vc_column][vc_row_inner][vc_column_inner][ts_section_title title_align=&#8221;text-center&#8221;] BIENVENUE CHEZ PRIDE OF HOTELS Le groupe h\u00f4telier se sp\u00e9cialise dans l&#8217;offre de luxe [\/ts_section_title][\/vc_column_inner][\/vc_row_inner][vc_row_inner content_placement=&#8221;middle&#8221;][vc_column_inner offset=&#8221;vc_col-md-6&#8243;][ts_text_box]Nos 15 propri\u00e9t\u00e9s, chacune parfaitement situ\u00e9e dans certaines des destinations les plus embl\u00e9matiques et d\u00e9sirables du Royaume-Uni, disposent de chambres luxueuses, d&#8217;excellents restaurants internes, de spas de haute qualit\u00e9 et d&#8217;installations \u00e9v\u00e9nementielles de premier ordre. Il &hellip; <a href=\"https:\/\/bamblue-riad-marrakech.com\/fr\/index.php\/le-quardo\/\" class=\"more-link\">Continue reading<span class=\"screen-reader-text\"> &#8220;Le quardo&#8221;<\/span><\/a><\/p>\n","protected":false},"author":1,"featured_media":0,"parent":0,"menu_order":0,"comment_status":"closed","ping_status":"closed","template":"page-builder.php","meta":{"inline_featured_image":false,"footnotes":""},"class_list":["post-1138","page","type-page","status-publish","hentry"],"aioseo_notices":[],"jetpack_sharing_enabled":true,"_links":{"self":[{"href":"https:\/\/bamblue-riad-marrakech.com\/fr\/index.php\/wp-json\/wp\/v2\/pages\/1138","targetHints":{"allow":["GET"]}}],"collection":[{"href":"https:\/\/bamblue-riad-marrakech.com\/fr\/index.php\/wp-json\/wp\/v2\/pages"}],"about":[{"href":"https:\/\/bamblue-riad-marrakech.com\/fr\/index.php\/wp-json\/wp\/v2\/types\/page"}],"author":[{"embeddable":true,"href":"https:\/\/bamblue-riad-marrakech.com\/fr\/index.php\/wp-json\/wp\/v2\/users\/1"}],"replies":[{"embeddable":true,"href":"https:\/\/bamblue-riad-marrakech.com\/fr\/index.php\/wp-json\/wp\/v2\/comments?post=1138"}],"version-history":[{"count":1,"href":"https:\/\/bamblue-riad-marrakech.com\/fr\/index.php\/wp-json\/wp\/v2\/pages\/1138\/revisions"}],"predecessor-version":[{"id":1181,"href":"https:\/\/bamblue-riad-marrakech.com\/fr\/index.php\/wp-json\/wp\/v2\/pages\/1138\/revisions\/1181"}],"wp:attachment":[{"href":"https:\/\/bamblue-riad-marrakech.com\/fr\/index.php\/wp-json\/wp\/v2\/media?parent=1138"}],"curies":[{"name":"wp","href":"https:\/\/api.w.org\/{rel}","templated":true}]}}