{"id":1230,"date":"2018-07-20T12:31:38","date_gmt":"2018-07-20T12:31:38","guid":{"rendered":"https:\/\/bamblue-riad-marrakech.com\/index.php\/page-de-paiement-reussi\/"},"modified":"2025-09-15T17:10:14","modified_gmt":"2025-09-15T17:10:14","slug":"page-de-paiement-reussi","status":"publish","type":"page","link":"https:\/\/bamblue-riad-marrakech.com\/fr\/index.php\/confirmation-de-reservation-2\/page-de-paiement-reussi\/","title":{"rendered":"Page de paiement r\u00e9ussi"},"content":{"rendered":"<p>Nous vous remercions pour votre paiement. Votre transaction a \u00e9t\u00e9 effectu\u00e9e, et un re\u00e7u de votre achat vous a \u00e9t\u00e9 envoy\u00e9 par e-mail. <\/p>\n","protected":false},"excerpt":{"rendered":"<p>Nous vous remercions pour votre paiement. Votre transaction a \u00e9t\u00e9 effectu\u00e9e, et un re\u00e7u de votre achat vous a \u00e9t\u00e9 envoy\u00e9 par e-mail.<\/p>\n","protected":false},"author":1,"featured_media":0,"parent":1302,"menu_order":0,"comment_status":"closed","ping_status":"closed","template":"","meta":{"inline_featured_image":false,"footnotes":""},"class_list":["post-1230","page","type-page","status-publish","hentry"],"aioseo_notices":[],"jetpack_sharing_enabled":true,"_links":{"self":[{"href":"https:\/\/bamblue-riad-marrakech.com\/fr\/index.php\/wp-json\/wp\/v2\/pages\/1230","targetHints":{"allow":["GET"]}}],"collection":[{"href":"https:\/\/bamblue-riad-marrakech.com\/fr\/index.php\/wp-json\/wp\/v2\/pages"}],"about":[{"href":"https:\/\/bamblue-riad-marrakech.com\/fr\/index.php\/wp-json\/wp\/v2\/types\/page"}],"author":[{"embeddable":true,"href":"https:\/\/bamblue-riad-marrakech.com\/fr\/index.php\/wp-json\/wp\/v2\/users\/1"}],"replies":[{"embeddable":true,"href":"https:\/\/bamblue-riad-marrakech.com\/fr\/index.php\/wp-json\/wp\/v2\/comments?post=1230"}],"version-history":[{"count":1,"href":"https:\/\/bamblue-riad-marrakech.com\/fr\/index.php\/wp-json\/wp\/v2\/pages\/1230\/revisions"}],"predecessor-version":[{"id":1232,"href":"https:\/\/bamblue-riad-marrakech.com\/fr\/index.php\/wp-json\/wp\/v2\/pages\/1230\/revisions\/1232"}],"up":[{"embeddable":true,"href":"https:\/\/bamblue-riad-marrakech.com\/fr\/index.php\/wp-json\/wp\/v2\/pages\/1302"}],"wp:attachment":[{"href":"https:\/\/bamblue-riad-marrakech.com\/fr\/index.php\/wp-json\/wp\/v2\/media?parent=1230"}],"curies":[{"name":"wp","href":"https:\/\/api.w.org\/{rel}","templated":true}]}}