{"id":1248,"date":"2021-02-08T07:29:47","date_gmt":"2021-02-08T07:29:47","guid":{"rendered":"https:\/\/bamblue-riad-marrakech.com\/index.php\/conditions-generales-2\/"},"modified":"2025-09-15T17:09:26","modified_gmt":"2025-09-15T17:09:26","slug":"conditions-generales-2","status":"publish","type":"page","link":"https:\/\/bamblue-riad-marrakech.com\/fr\/index.php\/conditions-generales-2\/","title":{"rendered":"Conditions g\u00e9n\u00e9rales"},"content":{"rendered":"<h3 id=\"license\">Licence<\/h3>\n<p>Tous les produits vendus via ce site web sont publi\u00e9s sous la <a href=\"http:\/\/www.gnu.org\/copyleft\/gpl.html\" target=\"_blank\" rel=\"noreferrer noopener\">licence publique GNU version 2.0<\/a> (ou ult\u00e9rieure). Cela vous donne la libert\u00e9 de cr\u00e9er quelque chose de beau et de le partager avec nous.<\/p>\n<h3 id=\"payments\">Paiements<\/h3>\n<p>Ce site utilise comme processeur de paiement les services de <a href=\"https:\/\/www.braintreepayments.com\/\">2Checkout<\/a>, une division de Themezinho, Inc. Tous les d\u00e9tails de paiement sont sauvegard\u00e9s en toute s\u00e9curit\u00e9 par 2Checkout, pas par nous.<\/p>\n<p>2Checkout accepte <strong>toutes les principales cartes de cr\u00e9dit et PayPal<\/strong>. Ils fournissent \u00e9galement des services de protection contre la fraude et de conformit\u00e9 PCI pour garantir que vos donn\u00e9es soient aussi s\u00fbres que possible.<\/p>\n<p>Nos prix incluent la TVA et nous utilisons une tarification universelle, ce qui signifie que vous paierez toujours le prix annonc\u00e9, ni plus, ni moins.<\/p>\n<h3 id=\"product-support-and-updates\">Support et mises \u00e0 jour des produits<\/h3>\n<p>Chaque achat (licence) vous donne acc\u00e8s pendant 6 mois au service de support de themezinho, qui couvre l&#8217;aide \u00e0 la configuration de votre produit et des indications sur la fa\u00e7on d&#8217;utiliser le produit tel qu&#8217;annonc\u00e9. Le service de support de themezinho ne couvre pas l&#8217;aide \u00e0 la personnalisation du th\u00e8me ou du plugin au-del\u00e0 des fonctionnalit\u00e9s annonc\u00e9es. De plus, chaque achat (licence) vous donne acc\u00e8s aux mises \u00e0 jour du produit destin\u00e9es \u00e0 le maintenir s\u00e9curis\u00e9 et fonctionnel avec les derniers d\u00e9veloppements des plateformes sur lesquelles il est bas\u00e9 (c&#8217;est-\u00e0-dire WordPress).<\/p>\n<p>Lorsque votre licence expire, vous ne recevrez plus de mises \u00e0 jour du produit ni de support client. Vous pouvez toujours utiliser le th\u00e8me tel quel, mais vous ne b\u00e9n\u00e9ficierez plus des avantages mentionn\u00e9s.<\/p>\n<h3 id=\"typekit-fonts\">Polices Typekit\u00ae (polices Adobe)<\/h3>\n<p>Certains de nos th\u00e8mes incluent des polices de <a href=\"https:\/\/typekit.com\/\">Typekit\u00ae<\/a>, un service d&#8217;abonnement qui vous permet d&#8217;utiliser des polices con\u00e7ues professionnellement sur votre site web. Lorsque vous activez votre licence sur un th\u00e8me compatible Typekit\u00ae, vous activez un acc\u00e8s d&#8217;un an \u00e0 la ou aux police(s) que nous avons incluse(s) dans votre th\u00e8me. Les th\u00e8mes Typekit\u00ae ne vous donnent pas acc\u00e8s \u00e0 l&#8217;ensemble de la biblioth\u00e8que Typekit\u00ae, mais seulement \u00e0 la ou aux police(s) que nous avons choisie(s) pour chaque th\u00e8me.<\/p>\n<p>Comme Typekit\u00ae est un abonnement r\u00e9current pour nous, ces th\u00e8mes n\u00e9cessiteront un renouvellement annuel, soumis aux m\u00eames conditions que le renouvellement mentionn\u00e9 ci-dessus (concernant le support et les mises \u00e0 jour). Ainsi, lors du renouvellement d&#8217;une licence de th\u00e8me incluant des polices Typekit\u00ae, cela signifiera \u00e9galement une ann\u00e9e suppl\u00e9mentaire de support et de mises \u00e0 jour. Dans le cas o\u00f9 vous ne renouvelez pas votre licence, votre th\u00e8me utilisera des polices gratuites de remplacement.<\/p>\n<h3 id=\"changes-to-terms-and-conditions\">Modifications des Conditions g\u00e9n\u00e9rales<\/h3>\n<p>Vous pouvez consulter la version la plus r\u00e9cente des Conditions g\u00e9n\u00e9rales \u00e0 tout moment sur cette page.<\/p>\n<p>Nous nous r\u00e9servons le droit, \u00e0 notre seule discr\u00e9tion, de mettre \u00e0 jour, modifier ou remplacer toute partie de ces Conditions g\u00e9n\u00e9rales. Il est de votre responsabilit\u00e9 de consulter p\u00e9riodiquement notre site web pour v\u00e9rifier les changements. Votre utilisation continue ou votre acc\u00e8s \u00e0 notre site web ou au Service apr\u00e8s la publication de tout changement \u00e0 ces Conditions g\u00e9n\u00e9rales constitue une acceptation de ces changements.<\/p>\n<h3 id=\"contact-information\">Informations de contact<\/h3>\n<p>Veuillez consulter <a href=\"https:\/\/themezinho.net\/contact\/\">cette page<\/a> pour les informations de contact.<\/p>\n<p>Les questions concernant ces Conditions g\u00e9n\u00e9rales doivent nous \u00eatre envoy\u00e9es \u00e0 <a href=\"mailto:hello@themezinho.net\">support@themezinho.net<\/a><\/p>\n","protected":false},"excerpt":{"rendered":"<p>Licence Tous les produits vendus via ce site web sont publi\u00e9s sous la licence publique GNU version 2.0 (ou ult\u00e9rieure). Cela vous donne la libert\u00e9 de cr\u00e9er quelque chose de beau et de le partager avec nous. Paiements Ce site utilise comme processeur de paiement les services de 2Checkout, une division de Themezinho, Inc. Tous &hellip; <a href=\"https:\/\/bamblue-riad-marrakech.com\/fr\/index.php\/conditions-generales-2\/\" class=\"more-link\">Continue reading<span class=\"screen-reader-text\"> &#8220;Conditions g\u00e9n\u00e9rales&#8221;<\/span><\/a><\/p>\n","protected":false},"author":1,"featured_media":0,"parent":0,"menu_order":0,"comment_status":"closed","ping_status":"closed","template":"","meta":{"inline_featured_image":false,"footnotes":""},"class_list":["post-1248","page","type-page","status-publish","hentry"],"aioseo_notices":[],"jetpack_sharing_enabled":true,"_links":{"self":[{"href":"https:\/\/bamblue-riad-marrakech.com\/fr\/index.php\/wp-json\/wp\/v2\/pages\/1248","targetHints":{"allow":["GET"]}}],"collection":[{"href":"https:\/\/bamblue-riad-marrakech.com\/fr\/index.php\/wp-json\/wp\/v2\/pages"}],"about":[{"href":"https:\/\/bamblue-riad-marrakech.com\/fr\/index.php\/wp-json\/wp\/v2\/types\/page"}],"author":[{"embeddable":true,"href":"https:\/\/bamblue-riad-marrakech.com\/fr\/index.php\/wp-json\/wp\/v2\/users\/1"}],"replies":[{"embeddable":true,"href":"https:\/\/bamblue-riad-marrakech.com\/fr\/index.php\/wp-json\/wp\/v2\/comments?post=1248"}],"version-history":[{"count":1,"href":"https:\/\/bamblue-riad-marrakech.com\/fr\/index.php\/wp-json\/wp\/v2\/pages\/1248\/revisions"}],"predecessor-version":[{"id":1250,"href":"https:\/\/bamblue-riad-marrakech.com\/fr\/index.php\/wp-json\/wp\/v2\/pages\/1248\/revisions\/1250"}],"wp:attachment":[{"href":"https:\/\/bamblue-riad-marrakech.com\/fr\/index.php\/wp-json\/wp\/v2\/media?parent=1248"}],"curies":[{"name":"wp","href":"https:\/\/api.w.org\/{rel}","templated":true}]}}