{"id":1263,"date":"2021-02-13T11:24:40","date_gmt":"2021-02-13T11:24:40","guid":{"rendered":"https:\/\/bamblue-riad-marrakech.com\/index.php\/politique-de-confidentialite\/"},"modified":"2025-09-15T17:09:39","modified_gmt":"2025-09-15T17:09:39","slug":"politique-de-confidentialite","status":"publish","type":"page","link":"https:\/\/bamblue-riad-marrakech.com\/fr\/index.php\/politique-de-confidentialite\/","title":{"rendered":"Politique de confidentialit\u00e9"},"content":{"rendered":"<p>[vc_row use_container=&#8221;yes&#8221;][vc_column][ts_text_box]Nous sommes des d\u00e9veloppeurs de mod\u00e8les de sites web, de th\u00e8mes et de plugins, et nous vendons nos produits dans le monde entier. Plus de 8 000 clients utilisent nos produits et services. <\/p>\n<h4>Quelles donn\u00e9es personnelles nous collectons et pourquoi nous les collectons<\/h4>\n<p>Lorsque les visiteurs laissent des commentaires sur le site, nous collectons les donn\u00e9es affich\u00e9es dans le formulaire de commentaires, ainsi que l&#8217;adresse IP du visiteur et la cha\u00eene de l&#8217;agent utilisateur du navigateur pour aider \u00e0 la d\u00e9tection des spams.<br \/>\nUne cha\u00eene anonymis\u00e9e cr\u00e9\u00e9e \u00e0 partir de votre adresse e-mail (\u00e9galement appel\u00e9e hash) peut \u00eatre fournie au service Gravatar pour voir si vous l&#8217;utilisez. La politique de confidentialit\u00e9 du service Gravatar est disponible ici : https:\/\/automattic.com\/privacy\/. Apr\u00e8s approbation de votre commentaire, votre photo de profil est visible publiquement dans le contexte de votre commentaire. <\/p>\n<h3>M\u00e9dias<\/h3>\n<p>Si vous t\u00e9l\u00e9chargez des images sur le site web, vous devriez \u00e9viter de t\u00e9l\u00e9charger des images contenant des donn\u00e9es de localisation int\u00e9gr\u00e9es (EXIF GPS). Les visiteurs du site web peuvent t\u00e9l\u00e9charger et extraire toutes les donn\u00e9es de localisation des images sur le site web. <\/p>\n<h3>Formulaires de contact<\/h3>\n<p>Lorsque vous nous contactez via notre formulaire de contact, les informations que vous avez remplies peuvent \u00eatre stock\u00e9es dans notre base de donn\u00e9es pour vous r\u00e9pondre ou communiquer avec vous \u00e0 l&#8217;avenir.<\/p>\n<h3>Cookies<\/h3>\n<p>Afin de fournir le Service via le Site, le Fournisseur utilise des cookies et des fichiers journaux web (informations anonymes telles que l&#8217;heure de visite sur le Site, l&#8217;adresse IP, l&#8217;URL, le navigateur, etc.) pour suivre l&#8217;utilisation du Site et reconna\u00eetre le client lorsqu&#8217;il revient sur le Site en utilisant le m\u00eame ordinateur et navigateur web.<\/p>\n<p>Les &#8220;cookies&#8221; sont de courts morceaux de donn\u00e9es g\u00e9n\u00e9r\u00e9s par un serveur web qu&#8217;un site web stocke sur l&#8217;ordinateur d&#8217;un utilisateur.<\/p>\n<p>Les types de cookies que le Fournisseur utilise sont appel\u00e9s cookies de &#8220;session&#8221; et cookies &#8220;persistants&#8221;. Les cookies de session sont temporaires et sont automatiquement supprim\u00e9s une fois que le Client quitte le Site. Les cookies de session sont utilis\u00e9s pour identifier une visite particuli\u00e8re sur le Site. Les cookies persistants sont d\u00e9finis une fois que le Client s&#8217;est connect\u00e9 \u00e0 son compte. La prochaine fois que le Client visite le Site, le cookie persistant permettra au Fournisseur de le reconna\u00eetre comme un Client enregistr\u00e9, ainsi le Client n&#8217;aura pas besoin de se connecter avant d&#8217;utiliser le Site. De plus, si le Client se d\u00e9connecte de son compte, il devra saisir \u00e0 nouveau son mot de passe la prochaine fois pour se connecter \u00e0 son compte. Les cookies persistants restent sur le disque dur de l&#8217;ordinateur du Client jusqu&#8217;\u00e0 ce qu&#8217;ils soient supprim\u00e9s.      <\/p>\n<p>Si vous laissez un commentaire sur notre site, vous pouvez choisir d&#8217;enregistrer votre nom, votre adresse e-mail et votre site web dans des cookies. Ces informations sont pour votre commodit\u00e9 afin que vous n&#8217;ayez pas \u00e0 les saisir \u00e0 nouveau lorsque vous laissez un autre commentaire. Ces cookies dureront un an.  <\/p>\n<p>Si vous avez un compte et que vous vous connectez \u00e0 ce site, nous d\u00e9finirons un cookie temporaire pour d\u00e9terminer si votre navigateur accepte les cookies. Ce cookie ne contient aucune donn\u00e9e personnelle et est supprim\u00e9 lorsque vous fermez votre navigateur. <\/p>\n<p>Lorsque vous vous connectez, nous mettrons \u00e9galement en place plusieurs cookies pour enregistrer vos informations de connexion et vos choix d&#8217;affichage \u00e0 l&#8217;\u00e9cran. Les cookies de connexion durent deux jours et les cookies d&#8217;options d&#8217;\u00e9cran durent un an. Si vous s\u00e9lectionnez &#8220;Se souvenir de moi&#8221;, votre connexion persistera pendant deux semaines. Si vous vous d\u00e9connectez de votre compte, les cookies de connexion seront supprim\u00e9s.   <\/p>\n<p>Si vous modifiez ou publiez un article, un cookie suppl\u00e9mentaire sera enregistr\u00e9 dans votre navigateur. Ce cookie n&#8217;inclut aucune donn\u00e9e personnelle et indique simplement l&#8217;ID de l&#8217;article que vous venez de modifier. Il expire apr\u00e8s 1 jour.  <\/p>\n<p><strong>Les cookies sont utilis\u00e9s pour :<\/strong><\/p>\n<p>suivre les affili\u00e9s,<br \/>\nidentifier et cat\u00e9goriser les pages web Internet \u00e0 partir desquelles le visiteur est arriv\u00e9 sur le Site et observer les mod\u00e8les de navigation,<br \/>\nfournir des fonctionnalit\u00e9s telles que les commandes en ligne,<br \/>\nmettre en cache les commandes,<br \/>\nstocker des analyses sur le comportement du Client sur le site.<br \/>\nLe Fournisseur utilise des services tiers pour analyser l&#8217;utilisation du Site \u00e0 des fins statistiques (donn\u00e9es anonymes sur les visites, telles que le nombre de visites, le pays, le navigateur, l&#8217;heure de visite, etc.). Le Fournisseur et ses prestataires de services utilisent ces fichiers journaux, balises et technologies de suivi pour collecter et analyser certains types d&#8217;informations techniques, notamment : <\/p>\n<p>Adresses IP ;<br \/>\nle type d&#8217;ordinateur ou d&#8217;appareil mobile utilis\u00e9 par un Client ;<br \/>\nla version du syst\u00e8me d&#8217;exploitation ;<br \/>\nles identifiants des appareils mobiles, comme l&#8217;adresse MAC, l&#8217;identifiant publicitaire (IDFA) et\/ou l&#8217;identit\u00e9 internationale d&#8217;\u00e9quipement mobile (IMEI) ;<br \/>\nles types de navigateurs ;<br \/>\nla langue du navigateur ;<br \/>\nles pages de r\u00e9f\u00e9rence et de sortie, et les URL ;<br \/>\nle type de plateforme ;<br \/>\nle nombre de clics sur une page ou une fonctionnalit\u00e9 ;<br \/>\nles noms de domaine ;<br \/>\nles pages d&#8217;atterrissage ;<br \/>\nles pages consult\u00e9es et leur ordre ;<br \/>\nle temps pass\u00e9 sur des pages particuli\u00e8res ;<br \/>\nLes fichiers journaux web sont stock\u00e9s ind\u00e9finiment comme mat\u00e9riel auxiliaire utilis\u00e9 pour administrer le Site. Les informations qu&#8217;ils contiennent ne sont divulgu\u00e9es \u00e0 personne d&#8217;autre que les personnes autoris\u00e9es par le Fournisseur. <\/p>\n<p>Si le Client n&#8217;accepte pas les cookies, il se peut qu&#8217;il ne puisse pas utiliser certaines parties du Site.<\/p>\n<h3>Contenu int\u00e9gr\u00e9 provenant d&#8217;autres sites web<\/h3>\n<p>Les articles de ce site peuvent inclure du contenu int\u00e9gr\u00e9 (par exemple des vid\u00e9os, des images, des articles, etc.). Le contenu int\u00e9gr\u00e9 provenant d&#8217;autres sites web se comporte exactement de la m\u00eame mani\u00e8re que si le visiteur avait visit\u00e9 l&#8217;autre site web. <\/p>\n<p>Ces sites web peuvent collecter des donn\u00e9es vous concernant, utiliser des cookies, int\u00e9grer un suivi tiers suppl\u00e9mentaire et surveiller votre interaction avec ce contenu int\u00e9gr\u00e9, y compris le suivi de votre interaction avec le contenu int\u00e9gr\u00e9 si vous avez un compte et \u00eates connect\u00e9 \u00e0 ce site web.<\/p>\n<h3>Analyses que nous utilisons<\/h3>\n<ul>\n<li>Nous utilisons Google Analytics, Facebook pixel.<\/li>\n<\/ul>\n<h4>Avec qui nous partageons vos donn\u00e9es<\/h4>\n<p>\u2013 Nous pouvons divulguer vos informations personnelles \u00e0 nos vendeurs ou prestataires de services, avocats, comptables (si n\u00e9cessaire).<\/p>\n<h4>Combien de temps nous conservons vos donn\u00e9es<\/h4>\n<p>Si vous laissez un commentaire, le commentaire et ses m\u00e9tadonn\u00e9es sont conserv\u00e9s ind\u00e9finiment. Cela nous permet de reconna\u00eetre et d&#8217;approuver automatiquement tous les commentaires de suivi au lieu de les conserver dans une file d&#8217;attente de mod\u00e9ration. <\/p>\n<p>Pour les utilisateurs qui s&#8217;inscrivent sur notre site web (le cas \u00e9ch\u00e9ant), nous stockons \u00e9galement les informations personnelles qu&#8217;ils fournissent dans leur profil d&#8217;utilisateur. Tous les utilisateurs peuvent voir, modifier ou supprimer leurs informations personnelles \u00e0 tout moment (sauf qu&#8217;ils ne peuvent pas changer leur nom d&#8217;utilisateur). Les administrateurs du site web peuvent \u00e9galement voir et modifier ces informations.  <\/p>\n<h4>Quels droits vous avez sur vos donn\u00e9es<\/h4>\n<p>Si vous avez un compte sur ce site, ou si vous avez laiss\u00e9 des commentaires, vous pouvez demander \u00e0 recevoir un fichier export\u00e9 des donn\u00e9es personnelles que nous d\u00e9tenons \u00e0 votre sujet, y compris toutes les donn\u00e9es que vous nous avez fournies. Vous pouvez \u00e9galement demander que nous effacions toutes les donn\u00e9es personnelles que nous d\u00e9tenons \u00e0 votre sujet. Cela n&#8217;inclut pas les donn\u00e9es que nous sommes oblig\u00e9s de conserver \u00e0 des fins administratives, l\u00e9gales ou de s\u00e9curit\u00e9.  <\/p>\n<p>\u2013 Vous pouvez modifier vos informations personnelles \u00e0 tout moment depuis la page de modification de votre profil.<\/p>\n<p>\u2013 Vous devez sauvegarder votre nom d&#8217;utilisateur et votre mot de passe sous votre propre responsabilit\u00e9.<\/p>\n<h4>O\u00f9 nous envoyons vos donn\u00e9es<\/h4>\n<p>Les commentaires des visiteurs peuvent \u00eatre v\u00e9rifi\u00e9s par un service automatis\u00e9 de d\u00e9tection de spam.<\/p>\n<h3>Comment nous prot\u00e9geons vos donn\u00e9es<\/h3>\n<p>\u2013 Themezinho respecte la confidentialit\u00e9 des autres et ne partage pas vos informations personnelles avec d&#8217;autres.<\/p>\n<h3>De quels tiers nous recevons des donn\u00e9es<\/h3>\n<p>\u2013 Nous utilisons Google Analytics, Facebook pixel, l&#8217;abonnement Mailchimp et quelques scripts tiers de confiance pour collecter des donn\u00e9es afin de conna\u00eetre nos visiteurs et les utilisateurs de notre site web.<\/p>\n<p>Exigences de divulgation r\u00e9glementaire de l&#8217;industrie<\/p>\n<p>\u2013 Nous pouvons divulguer vos informations personnelles \u00e0 nos vendeurs ou prestataires de services, avocats, comptables (si n\u00e9cessaire).<\/p>\n<p><strong>Si nous apportons des modifications \u00e0 notre politique de confidentialit\u00e9, nous les publierons sur cette page.<\/strong>[\/ts_text_box][\/vc_column][\/vc_row]<\/p>\n","protected":false},"excerpt":{"rendered":"<p>[vc_row use_container=&#8221;yes&#8221;][vc_column][ts_text_box]Nous sommes des d\u00e9veloppeurs de mod\u00e8les de sites web, de th\u00e8mes et de plugins, et nous vendons nos produits dans le monde entier. Plus de 8 000 clients utilisent nos produits et services. Quelles donn\u00e9es personnelles nous collectons et pourquoi nous les collectons Lorsque les visiteurs laissent des commentaires sur le site, nous collectons &hellip; <a href=\"https:\/\/bamblue-riad-marrakech.com\/fr\/index.php\/politique-de-confidentialite\/\" class=\"more-link\">Continue reading<span class=\"screen-reader-text\"> &#8220;Politique de confidentialit\u00e9&#8221;<\/span><\/a><\/p>\n","protected":false},"author":1,"featured_media":0,"parent":0,"menu_order":0,"comment_status":"closed","ping_status":"closed","template":"","meta":{"inline_featured_image":false,"footnotes":""},"class_list":["post-1263","page","type-page","status-publish","hentry"],"aioseo_notices":[],"jetpack_sharing_enabled":true,"_links":{"self":[{"href":"https:\/\/bamblue-riad-marrakech.com\/fr\/index.php\/wp-json\/wp\/v2\/pages\/1263","targetHints":{"allow":["GET"]}}],"collection":[{"href":"https:\/\/bamblue-riad-marrakech.com\/fr\/index.php\/wp-json\/wp\/v2\/pages"}],"about":[{"href":"https:\/\/bamblue-riad-marrakech.com\/fr\/index.php\/wp-json\/wp\/v2\/types\/page"}],"author":[{"embeddable":true,"href":"https:\/\/bamblue-riad-marrakech.com\/fr\/index.php\/wp-json\/wp\/v2\/users\/1"}],"replies":[{"embeddable":true,"href":"https:\/\/bamblue-riad-marrakech.com\/fr\/index.php\/wp-json\/wp\/v2\/comments?post=1263"}],"version-history":[{"count":1,"href":"https:\/\/bamblue-riad-marrakech.com\/fr\/index.php\/wp-json\/wp\/v2\/pages\/1263\/revisions"}],"predecessor-version":[{"id":1265,"href":"https:\/\/bamblue-riad-marrakech.com\/fr\/index.php\/wp-json\/wp\/v2\/pages\/1263\/revisions\/1265"}],"wp:attachment":[{"href":"https:\/\/bamblue-riad-marrakech.com\/fr\/index.php\/wp-json\/wp\/v2\/media?parent=1263"}],"curies":[{"name":"wp","href":"https:\/\/api.w.org\/{rel}","templated":true}]}}