{"id":1282,"date":"2024-08-27T18:16:55","date_gmt":"2024-08-27T18:16:55","guid":{"rendered":"https:\/\/bamblue-riad-marrakech.com\/index.php\/hebergements\/"},"modified":"2025-09-15T17:09:54","modified_gmt":"2025-09-15T17:09:54","slug":"hebergements","status":"publish","type":"page","link":"https:\/\/bamblue-riad-marrakech.com\/fr\/index.php\/hebergements\/","title":{"rendered":"H\u00e9bergements"},"content":{"rendered":"<div class=\"mphb_sc_rooms-wrapper mphb-room-types \">\n<div class=\"mphb-room-type post-1332 mphb_room_type type-mphb_room_type status-publish has-post-thumbnail mphb_room_type_category-riad mphb_room_type_facility-chaise-longue mphb_room_type_facility-climatisation mphb_room_type_facility-cuisine-exterieure mphb_room_type_facility-hammam mphb_room_type_facility-jardin mphb_room_type_facility-parking-gratuit mphb_room_type_facility-piscine mphb_room_type_facility-salon mphb_room_type_facility-seche-cheveux mphb_room_type_facility-wi-fi-gratuit mphb-room-type-adults-8 mphb-room-type-children-0 \">\n\n\t\n\t\n\n\t<div class=\"mphb-room-type-images\">\n\t<div id='mphb-flexslider-gallery-1' class='gallery-columns-1 gallery-size-aquentro-thumb-medium mphb-gallery-main-slider mphb-flexslider-gallery-wrapper mphb-room-type-gallery-wrapper mphb-gallery-main-slider-69f339cf2ce28' data-flexslider-atts='{\"animation\":\"slide\",\"controlNav\":false,\"animationLoop\":true,\"smoothHeight\":true,\"slideshow\":false}' data-group='69f339cf2ce28'><ul class=\"slides\"><li class='gallery-item'><span class='gallery-icon landscape'>\n\t\t\t\t<a href=\"https:\/\/bamblue-riad-marrakech.com\/fr\/index.php\/accommodation\/riad\/\"><img fetchpriority=\"high\" decoding=\"async\" width=\"840\" height=\"466\" src=\"https:\/\/bamblue-riad-marrakech.com\/wp-content\/uploads\/2024\/08\/IMG-20240613-WA0003-840x466.jpg\" class=\"attachment-aquentro-thumb-medium size-aquentro-thumb-medium\" alt=\"Riad BAM-bleu Marrakech\" \/><\/a>\n\t\t\t<\/span><\/li><li class='gallery-item'><span class='gallery-icon landscape'>\n\t\t\t\t<a href=\"https:\/\/bamblue-riad-marrakech.com\/fr\/index.php\/accommodation\/riad\/\"><img decoding=\"async\" width=\"840\" height=\"466\" src=\"https:\/\/bamblue-riad-marrakech.com\/wp-content\/uploads\/2024\/08\/IMG-20240613-WA0014-840x466.jpg\" class=\"attachment-aquentro-thumb-medium size-aquentro-thumb-medium\" alt=\"Riad BAM-bleu Marrakech\" \/><\/a>\n\t\t\t<\/span><\/li><li class='gallery-item'><span class='gallery-icon landscape'>\n\t\t\t\t<a href=\"https:\/\/bamblue-riad-marrakech.com\/fr\/index.php\/accommodation\/riad\/\"><img decoding=\"async\" width=\"840\" height=\"466\" src=\"https:\/\/bamblue-riad-marrakech.com\/wp-content\/uploads\/2024\/08\/CentraleInkomHal1-840x466.jpg\" class=\"attachment-aquentro-thumb-medium size-aquentro-thumb-medium\" alt=\"Riad BAM-bleu Marrakech\" \/><\/a>\n\t\t\t<\/span><\/li><li class='gallery-item'><span class='gallery-icon landscape'>\n\t\t\t\t<a href=\"https:\/\/bamblue-riad-marrakech.com\/fr\/index.php\/accommodation\/riad\/\"><img loading=\"lazy\" decoding=\"async\" width=\"840\" height=\"466\" src=\"https:\/\/bamblue-riad-marrakech.com\/wp-content\/uploads\/2024\/08\/IMG-20240613-WA0026-840x466.jpg\" class=\"attachment-aquentro-thumb-medium size-aquentro-thumb-medium\" alt=\"Riad BAM-bleu Marrakech\" \/><\/a>\n\t\t\t<\/span><\/li><li class='gallery-item'><span class='gallery-icon landscape'>\n\t\t\t\t<a href=\"https:\/\/bamblue-riad-marrakech.com\/fr\/index.php\/accommodation\/riad\/\"><img loading=\"lazy\" decoding=\"async\" width=\"840\" height=\"466\" src=\"https:\/\/bamblue-riad-marrakech.com\/wp-content\/uploads\/2024\/08\/IMG-20240613-WA0042-840x466.jpg\" class=\"attachment-aquentro-thumb-medium size-aquentro-thumb-medium\" alt=\"Riad BAM-bleu Marrakech\" \/><\/a>\n\t\t\t<\/span><\/li><li class='gallery-item'><span class='gallery-icon landscape'>\n\t\t\t\t<a href=\"https:\/\/bamblue-riad-marrakech.com\/fr\/index.php\/accommodation\/riad\/\"><img loading=\"lazy\" decoding=\"async\" width=\"840\" height=\"466\" src=\"https:\/\/bamblue-riad-marrakech.com\/wp-content\/uploads\/2024\/08\/InkomHal2-840x466.jpg\" class=\"attachment-aquentro-thumb-medium size-aquentro-thumb-medium\" alt=\"Riad BAM-Blue Marrakesh\" \/><\/a>\n\t\t\t<\/span><\/li><\/ul>\n\t\t<\/div>\n<div id='mphb-flexslider-gallery-2' class='gallery-columns-5 gallery-size-thumbnail mphb-gallery-thumbnail-slider mphb-flexslider-gallery-wrapper mphb-room-type-gallery-wrapper mphb-gallery-thumbnail-slider-69f339cf2ce28' data-flexslider-atts='{\"animation\":\"slide\",\"controlNav\":false,\"animationLoop\":true,\"slideshow\":false,\"itemMargin\":5}' data-group='69f339cf2ce28'><ul class=\"slides\"><li class='gallery-item'><span class='gallery-icon landscape'>\n\t\t\t\t<a href='https:\/\/bamblue-riad-marrakech.com\/fr\/index.php\/accueil\/img-20240613-wa0003-2\/'><img loading=\"lazy\" decoding=\"async\" width=\"150\" height=\"150\" src=\"https:\/\/bamblue-riad-marrakech.com\/wp-content\/uploads\/2024\/08\/IMG-20240613-WA0003-150x150.jpg\" class=\"attachment-thumbnail size-thumbnail\" alt=\"Riad BAM-bleu Marrakech\" srcset=\"https:\/\/bamblue-riad-marrakech.com\/wp-content\/uploads\/2024\/08\/IMG-20240613-WA0003-150x150.jpg 150w, https:\/\/bamblue-riad-marrakech.com\/wp-content\/uploads\/2024\/08\/IMG-20240613-WA0003-300x300.jpg 300w, https:\/\/bamblue-riad-marrakech.com\/wp-content\/uploads\/2024\/08\/IMG-20240613-WA0003-100x100.jpg 100w\" sizes=\"(max-width: 150px) 100vw, 150px\" \/><\/a>\n\t\t\t<\/span><\/li><li class='gallery-item'><span class='gallery-icon landscape'>\n\t\t\t\t<a href='https:\/\/bamblue-riad-marrakech.com\/fr\/index.php\/accueil\/img-20240613-wa0014-2\/'><img loading=\"lazy\" decoding=\"async\" width=\"150\" height=\"150\" src=\"https:\/\/bamblue-riad-marrakech.com\/wp-content\/uploads\/2024\/08\/IMG-20240613-WA0014-150x150.jpg\" class=\"attachment-thumbnail size-thumbnail\" alt=\"Riad BAM-bleu Marrakech\" srcset=\"https:\/\/bamblue-riad-marrakech.com\/wp-content\/uploads\/2024\/08\/IMG-20240613-WA0014-150x150.jpg 150w, https:\/\/bamblue-riad-marrakech.com\/wp-content\/uploads\/2024\/08\/IMG-20240613-WA0014-300x300.jpg 300w, https:\/\/bamblue-riad-marrakech.com\/wp-content\/uploads\/2024\/08\/IMG-20240613-WA0014-100x100.jpg 100w\" sizes=\"(max-width: 150px) 100vw, 150px\" \/><\/a>\n\t\t\t<\/span><\/li><li class='gallery-item'><span class='gallery-icon landscape'>\n\t\t\t\t<a href='https:\/\/bamblue-riad-marrakech.com\/fr\/index.php\/accueil\/centraleinkomhal1-3\/'><img loading=\"lazy\" decoding=\"async\" width=\"150\" height=\"150\" src=\"https:\/\/bamblue-riad-marrakech.com\/wp-content\/uploads\/2024\/08\/CentraleInkomHal1-150x150.jpg\" class=\"attachment-thumbnail size-thumbnail\" alt=\"Riad BAM-bleu Marrakech\" srcset=\"https:\/\/bamblue-riad-marrakech.com\/wp-content\/uploads\/2024\/08\/CentraleInkomHal1-150x150.jpg 150w, https:\/\/bamblue-riad-marrakech.com\/wp-content\/uploads\/2024\/08\/CentraleInkomHal1-300x300.jpg 300w, https:\/\/bamblue-riad-marrakech.com\/wp-content\/uploads\/2024\/08\/CentraleInkomHal1-100x100.jpg 100w\" sizes=\"(max-width: 150px) 100vw, 150px\" \/><\/a>\n\t\t\t<\/span><\/li><li class='gallery-item'><span class='gallery-icon landscape'>\n\t\t\t\t<a href='https:\/\/bamblue-riad-marrakech.com\/fr\/index.php\/accueil\/img-20240613-wa0026-2\/'><img loading=\"lazy\" decoding=\"async\" width=\"150\" height=\"150\" src=\"https:\/\/bamblue-riad-marrakech.com\/wp-content\/uploads\/2024\/08\/IMG-20240613-WA0026-150x150.jpg\" class=\"attachment-thumbnail size-thumbnail\" alt=\"Riad BAM-bleu Marrakech\" srcset=\"https:\/\/bamblue-riad-marrakech.com\/wp-content\/uploads\/2024\/08\/IMG-20240613-WA0026-150x150.jpg 150w, https:\/\/bamblue-riad-marrakech.com\/wp-content\/uploads\/2024\/08\/IMG-20240613-WA0026-300x300.jpg 300w, https:\/\/bamblue-riad-marrakech.com\/wp-content\/uploads\/2024\/08\/IMG-20240613-WA0026-100x100.jpg 100w\" sizes=\"(max-width: 150px) 100vw, 150px\" \/><\/a>\n\t\t\t<\/span><\/li><li class='gallery-item'><span class='gallery-icon landscape'>\n\t\t\t\t<a href='https:\/\/bamblue-riad-marrakech.com\/fr\/riad-bam-bleu-marrakech-10\/'><img loading=\"lazy\" decoding=\"async\" width=\"150\" height=\"150\" src=\"https:\/\/bamblue-riad-marrakech.com\/wp-content\/uploads\/2024\/08\/IMG-20240613-WA0042-150x150.jpg\" class=\"attachment-thumbnail size-thumbnail\" alt=\"Riad BAM-bleu Marrakech\" srcset=\"https:\/\/bamblue-riad-marrakech.com\/wp-content\/uploads\/2024\/08\/IMG-20240613-WA0042-150x150.jpg 150w, https:\/\/bamblue-riad-marrakech.com\/wp-content\/uploads\/2024\/08\/IMG-20240613-WA0042-300x300.jpg 300w, https:\/\/bamblue-riad-marrakech.com\/wp-content\/uploads\/2024\/08\/IMG-20240613-WA0042-100x100.jpg 100w\" sizes=\"(max-width: 150px) 100vw, 150px\" \/><\/a>\n\t\t\t<\/span><\/li><li class='gallery-item'><span class='gallery-icon landscape'>\n\t\t\t\t<a href='https:\/\/bamblue-riad-marrakech.com\/fr\/inkomhal2\/'><img loading=\"lazy\" decoding=\"async\" width=\"150\" height=\"150\" src=\"https:\/\/bamblue-riad-marrakech.com\/wp-content\/uploads\/2024\/08\/InkomHal2-150x150.jpg\" class=\"attachment-thumbnail size-thumbnail\" alt=\"Riad BAM-Blue Marrakesh\" srcset=\"https:\/\/bamblue-riad-marrakech.com\/wp-content\/uploads\/2024\/08\/InkomHal2-150x150.jpg 150w, https:\/\/bamblue-riad-marrakech.com\/wp-content\/uploads\/2024\/08\/InkomHal2-300x300.jpg 300w, https:\/\/bamblue-riad-marrakech.com\/wp-content\/uploads\/2024\/08\/InkomHal2-100x100.jpg 100w\" sizes=\"(max-width: 150px) 100vw, 150px\" \/><\/a>\n\t\t\t<\/span><\/li><\/ul>\n\t\t<\/div>\n\n\t<\/div>\n\t\n<h2 class=\"mphb-room-type-title entry-title\">\n\n<a class=\"mphb-room-type-title\" href=\"https:\/\/bamblue-riad-marrakech.com\/fr\/index.php\/accommodation\/riad\/\">Riad<\/a>\n\n<\/h2>\n\n<p>Ce charmant riad propose quatre suites magnifiquement am\u00e9nag\u00e9es, alliant design marocain traditionnel et confort moderne. Les h\u00f4tes peuvent profiter d&#8217;une cuisine enti\u00e8rement \u00e9quip\u00e9e, d&#8217;un coin salon confortable et d&#8217;un hammam tranquille pour une exp\u00e9rience relaxante de type spa. Le point fort du riad est sa piscine sereine, parfaite pour se d\u00e9tendre apr\u00e8s une journ\u00e9e d&#8217;exploration. &hellip; <a href=\"https:\/\/bamblue-riad-marrakech.com\/fr\/index.php\/accommodation\/riad\/\" class=\"more-link\">Continue reading<span class=\"screen-reader-text\"> &#8220;Riad&#8221;<\/span><\/a><\/p>\n\n\n<h3 class=\"mphb-room-type-details-title\">D\u00e9tails<\/h3><ul class=\"mphb-loop-room-type-attributes\">\n\t<li class=\"mphb-room-type-total-capacity\"><span class=\"mphb-attribute-title mphb-total-capacity-title\">Invit\u00e9s:<\/span><span class=\"mphb-attribute-value\">\n\t8\n\t<\/span><\/li>\t\n\n\n\n\t<li class=\"mphb-room-type-facilities\"><span class=\"mphb-attribute-title mphb-facilities-title\">\u00c9quipements :<\/span><span class=\"mphb-attribute-value\"> <span class=\"facility-chaise-longue\"><a href=\"https:\/\/bamblue-riad-marrakech.com\/fr\/index.php\/accommodation-facility\/chaise-longue\/\">chaise longue<\/a><\/span>, <span class=\"facility-climatisation\"><a href=\"https:\/\/bamblue-riad-marrakech.com\/fr\/index.php\/accommodation-facility\/climatisation\/\">climatisation<\/a><\/span>, <span class=\"facility-cuisine-exterieure\"><a href=\"https:\/\/bamblue-riad-marrakech.com\/fr\/index.php\/accommodation-facility\/cuisine-exterieure\/\">cuisine ext\u00e9rieure<\/a><\/span>, <span class=\"facility-hammam\"><a href=\"https:\/\/bamblue-riad-marrakech.com\/fr\/index.php\/accommodation-facility\/hammam\/\">hammam<\/a><\/span>, <span class=\"facility-jardin\"><a href=\"https:\/\/bamblue-riad-marrakech.com\/fr\/index.php\/accommodation-facility\/jardin\/\">jardin<\/a><\/span>, <span class=\"facility-parking-gratuit\"><a href=\"https:\/\/bamblue-riad-marrakech.com\/fr\/index.php\/accommodation-facility\/parking-gratuit\/\">parking gratuit<\/a><\/span>, <span class=\"facility-piscine\"><a href=\"https:\/\/bamblue-riad-marrakech.com\/fr\/index.php\/accommodation-facility\/piscine\/\">piscine<\/a><\/span>, <span class=\"facility-salon\"><a href=\"https:\/\/bamblue-riad-marrakech.com\/fr\/index.php\/accommodation-facility\/salon\/\">salon<\/a><\/span>, <span class=\"facility-seche-cheveux\"><a href=\"https:\/\/bamblue-riad-marrakech.com\/fr\/index.php\/accommodation-facility\/seche-cheveux\/\">s\u00e8che-cheveux<\/a><\/span>, <span class=\"facility-wi-fi-gratuit\"><a href=\"https:\/\/bamblue-riad-marrakech.com\/fr\/index.php\/accommodation-facility\/wi-fi-gratuit\/\">wi-fi gratuit<\/a><\/span><\/span><\/li>\n\t\n\n\n\t<li class=\"mphb-room-type-view\"><span class=\"mphb-attribute-title mphb-view-title\">Vue :<\/span><span class=\"mphb-attribute-value\">\n\tPiscine \/ Jardin\n\t<\/span><\/li>\n\t\n\n\n\n\n\n\t<li class=\"mphb-room-type-categories\"><span class=\"mphb-attribute-title mphb-categories-title\">Cat\u00e9gories :<\/span><span class=\"mphb-attribute-value\"> <span class=\"category-riad\"><a href=\"https:\/\/bamblue-riad-marrakech.com\/fr\/index.php\/accommodation-category\/riad\/\">riad<\/a><\/span><\/span><\/li>\n\t\n<\/ul>\n\n\t<p class=\"mphb-regular-price\"><strong>Prix \u00e0 partir de:<\/strong>\n\t<span class=\"mphb-price\"><span class=\"mphb-currency\">&#36;<\/span>500<\/span> <span class=\"mphb-price-period\" title=\"Choisissez les dates pour voir les prix pertinents\">par nuit<\/span>\n\t<\/p>\n\t\n<p class=\"mphb-view-details-button-wrapper\">\n<a class=\"button mphb-view-details-button\" href=\"https:\/\/bamblue-riad-marrakech.com\/fr\/index.php\/accommodation\/riad\/\" >Voir les d\u00e9tails<\/a>\n<\/p>\n<div class=\"mphb-to-book-btn-wrapper\">\n<form action=\"https:\/\/bamblue-riad-marrakech.com\/fr\/index.php\/accommodation\/riad\/#booking-form-1332\" method=\"get\" ><button type=\"submit\" class=\"button mphb-book-button\" >R\u00e9server<\/button><\/form>\n<br\/><\/div>\n\t\n<\/div>\n<\/div>\n","protected":false},"excerpt":{"rendered":"","protected":false},"author":1,"featured_media":0,"parent":0,"menu_order":0,"comment_status":"closed","ping_status":"closed","template":"","meta":{"inline_featured_image":false,"footnotes":""},"class_list":["post-1282","page","type-page","status-publish","hentry"],"aioseo_notices":[],"jetpack_sharing_enabled":true,"_links":{"self":[{"href":"https:\/\/bamblue-riad-marrakech.com\/fr\/index.php\/wp-json\/wp\/v2\/pages\/1282","targetHints":{"allow":["GET"]}}],"collection":[{"href":"https:\/\/bamblue-riad-marrakech.com\/fr\/index.php\/wp-json\/wp\/v2\/pages"}],"about":[{"href":"https:\/\/bamblue-riad-marrakech.com\/fr\/index.php\/wp-json\/wp\/v2\/types\/page"}],"author":[{"embeddable":true,"href":"https:\/\/bamblue-riad-marrakech.com\/fr\/index.php\/wp-json\/wp\/v2\/users\/1"}],"replies":[{"embeddable":true,"href":"https:\/\/bamblue-riad-marrakech.com\/fr\/index.php\/wp-json\/wp\/v2\/comments?post=1282"}],"version-history":[{"count":1,"href":"https:\/\/bamblue-riad-marrakech.com\/fr\/index.php\/wp-json\/wp\/v2\/pages\/1282\/revisions"}],"predecessor-version":[{"id":1283,"href":"https:\/\/bamblue-riad-marrakech.com\/fr\/index.php\/wp-json\/wp\/v2\/pages\/1282\/revisions\/1283"}],"wp:attachment":[{"href":"https:\/\/bamblue-riad-marrakech.com\/fr\/index.php\/wp-json\/wp\/v2\/media?parent=1282"}],"curies":[{"name":"wp","href":"https:\/\/api.w.org\/{rel}","templated":true}]}}