{"id":1339,"date":"2018-07-19T08:27:12","date_gmt":"2018-07-19T08:27:12","guid":{"rendered":"https:\/\/bamblue-riad-marrakech.com\/index.php\/hammam\/"},"modified":"2025-12-03T13:41:49","modified_gmt":"2025-12-03T13:41:49","slug":"hammam","status":"publish","type":"page","link":"https:\/\/bamblue-riad-marrakech.com\/fr\/index.php\/hammam\/","title":{"rendered":"Hammam"},"content":{"rendered":"\t\t<div data-elementor-type=\"wp-page\" data-elementor-id=\"1339\" class=\"elementor elementor-1339 elementor-461\" data-elementor-post-type=\"page\">\n\t\t\t\t<div class=\"elementor-element elementor-element-5dda091e e-flex e-con-boxed e-con e-parent\" data-id=\"5dda091e\" data-element_type=\"container\" data-e-type=\"container\">\n\t\t\t\t\t<div class=\"e-con-inner\">\n\t\t\t\t<div class=\"elementor-element elementor-element-3edbea25 elementor-widget elementor-widget-text-editor\" data-id=\"3edbea25\" data-element_type=\"widget\" data-e-type=\"widget\" data-widget_type=\"text-editor.default\">\n\t\t\t\t<div class=\"elementor-widget-container\">\n\t\t\t\t\t\t\t\t\t<p>Plongez dans l&#8217;une des traditions marocaines les plus appr\u00e9ci\u00e9es : le hammam. Notre Riad BamBlue vous offre l&#8217;opportunit\u00e9 unique de vivre ce rituel profond\u00e9ment purifiant et spirituel en toute intimit\u00e9 et confort, sans jamais avoir \u00e0 quitter le riad. <br><br>Notre hammam propose un espace moderne et r\u00e9cemment con\u00e7u qui capture parfaitement l&#8217;ambiance authentique et l&#8217;essence d&#8217;un hammam traditionnel. Situ\u00e9 dans un b\u00e2timent s\u00e9par\u00e9 juste \u00e0 c\u00f4t\u00e9 de la piscine, vous \u00eates assur\u00e9 d&#8217;une discr\u00e9tion et d&#8217;une exclusivit\u00e9 totales. <br><br>Une visite au hammam est bien plus qu&#8217;un simple sauna ; c&#8217;est un rituel. Il commence par une relaxation dans la salle chaude en marbre, o\u00f9 la vapeur ouvre vos pores et purifie votre corps. Ensuite, un ghassoul traditionnel (argile min\u00e9rale) et un savon beldi (savon noir) sont appliqu\u00e9s pour un nettoyage en profondeur qui laisse votre peau douce et soyeuse. C&#8217;est une sensation de purification totale, tant physique que mentale.   <br><br>Comme le hammam est enti\u00e8rement \u00e0 vous, vous d\u00e9finissez le rythme et l&#8217;atmosph\u00e8re. Vous voulez vivre l&#8217;exp\u00e9rience authentique ? Nous pouvons organiser la venue d&#8217;une kessala professionnelle (masseuse) pour r\u00e9aliser les rituels traditionnels de gommage et de massage pour vous. Ou pr\u00e9f\u00e9rez-vous prendre votre temps et appliquer les soins vous-m\u00eame ? Tout est possible.    <br><br>C&#8217;est la fa\u00e7on parfaite de d\u00e9tendre vos muscles apr\u00e8s une journ\u00e9e de voyage, de partager un moment sp\u00e9cial en couple, ou simplement de vous relaxer compl\u00e8tement. Laissez le stress de la vie quotidienne fondre dans la vapeur bienfaisante de votre propre hammam. <\/p>\t\t\t\t\t\t\t\t<\/div>\n\t\t\t\t<\/div>\n\t\t\t\t<div class=\"elementor-element elementor-element-6c12863 elementor-widget elementor-widget-spacer\" data-id=\"6c12863\" data-element_type=\"widget\" data-e-type=\"widget\" data-widget_type=\"spacer.default\">\n\t\t\t\t<div class=\"elementor-widget-container\">\n\t\t\t\t\t\t\t<div class=\"elementor-spacer\">\n\t\t\t<div class=\"elementor-spacer-inner\"><\/div>\n\t\t<\/div>\n\t\t\t\t\t\t<\/div>\n\t\t\t\t<\/div>\n\t\t\t\t<div class=\"elementor-element elementor-element-53fa7ca elementor-align-center elementor-widget elementor-widget-button\" data-id=\"53fa7ca\" data-element_type=\"widget\" data-e-type=\"widget\" data-widget_type=\"button.default\">\n\t\t\t\t<div class=\"elementor-widget-container\">\n\t\t\t\t\t\t\t\t\t<div class=\"elementor-button-wrapper\">\n\t\t\t\t\t<a class=\"elementor-button elementor-button-link elementor-size-sm\" href=\"https:\/\/bamblue-riad-marrakech.com\/index.php\/bamblue-amenities\/\">\n\t\t\t\t\t\t<span class=\"elementor-button-content-wrapper\">\n\t\t\t\t\t\t\t\t\t<span class=\"elementor-button-text\">Retourner aux commodit\u00e9s<\/span>\n\t\t\t\t\t<\/span>\n\t\t\t\t\t<\/a>\n\t\t\t\t<\/div>\n\t\t\t\t\t\t\t\t<\/div>\n\t\t\t\t<\/div>\n\t\t\t\t\t<\/div>\n\t\t\t\t<\/div>\n\t\t\t\t<\/div>\n\t\t","protected":false},"excerpt":{"rendered":"<p>Plongez dans l&#8217;une des traditions marocaines les plus appr\u00e9ci\u00e9es : le hammam. Notre Riad BamBlue vous offre l&#8217;opportunit\u00e9 unique de vivre ce rituel profond\u00e9ment purifiant et spirituel en toute intimit\u00e9 et confort, sans jamais avoir \u00e0 quitter le riad. Notre hammam propose un espace moderne et r\u00e9cemment con\u00e7u qui capture parfaitement l&#8217;ambiance authentique et l&#8217;essence &hellip; <a href=\"https:\/\/bamblue-riad-marrakech.com\/fr\/index.php\/hammam\/\" class=\"more-link\">Continue reading<span class=\"screen-reader-text\"> &#8220;Hammam&#8221;<\/span><\/a><\/p>\n","protected":false},"author":1,"featured_media":1341,"parent":0,"menu_order":0,"comment_status":"closed","ping_status":"closed","template":"template-full-width-grid-page.php","meta":{"inline_featured_image":false,"footnotes":""},"class_list":["post-1339","page","type-page","status-publish","has-post-thumbnail","hentry"],"aioseo_notices":[],"jetpack_sharing_enabled":true,"_links":{"self":[{"href":"https:\/\/bamblue-riad-marrakech.com\/fr\/index.php\/wp-json\/wp\/v2\/pages\/1339","targetHints":{"allow":["GET"]}}],"collection":[{"href":"https:\/\/bamblue-riad-marrakech.com\/fr\/index.php\/wp-json\/wp\/v2\/pages"}],"about":[{"href":"https:\/\/bamblue-riad-marrakech.com\/fr\/index.php\/wp-json\/wp\/v2\/types\/page"}],"author":[{"embeddable":true,"href":"https:\/\/bamblue-riad-marrakech.com\/fr\/index.php\/wp-json\/wp\/v2\/users\/1"}],"replies":[{"embeddable":true,"href":"https:\/\/bamblue-riad-marrakech.com\/fr\/index.php\/wp-json\/wp\/v2\/comments?post=1339"}],"version-history":[{"count":3,"href":"https:\/\/bamblue-riad-marrakech.com\/fr\/index.php\/wp-json\/wp\/v2\/pages\/1339\/revisions"}],"predecessor-version":[{"id":1993,"href":"https:\/\/bamblue-riad-marrakech.com\/fr\/index.php\/wp-json\/wp\/v2\/pages\/1339\/revisions\/1993"}],"wp:featuredmedia":[{"embeddable":true,"href":"https:\/\/bamblue-riad-marrakech.com\/fr\/index.php\/wp-json\/wp\/v2\/media\/1341"}],"wp:attachment":[{"href":"https:\/\/bamblue-riad-marrakech.com\/fr\/index.php\/wp-json\/wp\/v2\/media?parent=1339"}],"curies":[{"name":"wp","href":"https:\/\/api.w.org\/{rel}","templated":true}]}}