{"id":1350,"date":"2018-07-19T08:26:26","date_gmt":"2018-07-19T08:26:26","guid":{"rendered":"https:\/\/bamblue-riad-marrakech.com\/index.php\/service-de-petit-dejeuner\/"},"modified":"2025-12-03T13:39:57","modified_gmt":"2025-12-03T13:39:57","slug":"service-de-petit-dejeuner","status":"publish","type":"page","link":"https:\/\/bamblue-riad-marrakech.com\/fr\/index.php\/service-de-petit-dejeuner\/","title":{"rendered":"Petit-d\u00e9jeuner"},"content":{"rendered":"\t\t<div data-elementor-type=\"wp-page\" data-elementor-id=\"1350\" class=\"elementor elementor-1350 elementor-460\" data-elementor-post-type=\"page\">\n\t\t\t\t<div class=\"elementor-element elementor-element-624c565b e-flex e-con-boxed e-con e-parent\" data-id=\"624c565b\" data-element_type=\"container\" data-e-type=\"container\">\n\t\t\t\t\t<div class=\"e-con-inner\">\n\t\t\t\t<div class=\"elementor-element elementor-element-2a041728 elementor-widget elementor-widget-text-editor\" data-id=\"2a041728\" data-element_type=\"widget\" data-e-type=\"widget\" data-widget_type=\"text-editor.default\">\n\t\t\t\t<div class=\"elementor-widget-container\">\n\t\t\t\t\t\t\t\t\tSe r\u00e9veiller dans votre propre villa de luxe pr\u00e8s de Marrakech est une exp\u00e9rience inoubliable, alors que vous \u00eates accueilli par les ar\u00f4mes d&#8217;un petit-d\u00e9jeuner marocain artisanal fra\u00eechement pr\u00e9par\u00e9. Au Riad BamBlue, nous croyons qu&#8217;une journ\u00e9e parfaite commence par un repas copieux et nourrissant, pr\u00e9par\u00e9 avec amour et des ingr\u00e9dients locaux. <br><br>Notre service de petit-d\u00e9jeuner est bien plus qu&#8217;un simple repas ; c&#8217;est un voyage culinaire \u00e0 travers les saveurs du Maroc. Notre chef local, fier de ses traditions, vous pr\u00e9pare un festin chaque matin. Imaginez du pain fra\u00eechement sorti du four traditionnel, comme des Msemen chauds (cr\u00eapes carr\u00e9es) et des Baghrir moelleux (cr\u00eapes aux mille trous). Cela est servi avec une s\u00e9lection de confitures maison, du miel local, de l&#8217;huile d&#8217;argan et de la p\u00e2te d&#8217;amande.   <br><br>En plus de ces d\u00e9lices, vous d\u00e9gusterez des fruits frais de saison provenant du souk, du yaourt onctueux et une s\u00e9lection de fromages locaux. Bien s\u00fbr, le th\u00e9 \u00e0 la menthe rafra\u00eechissant et le caf\u00e9 marocain cors\u00e9 sont \u00e9galement inclus. Tout est soigneusement \u00e9labor\u00e9 pour ravir vos papilles.  <br><br>Nous comprenons que chaque invit\u00e9 a des pr\u00e9f\u00e9rences uniques. C&#8217;est pourquoi notre petit-d\u00e9jeuner est enti\u00e8rement personnalisable. Si vous avez des besoins di\u00e9t\u00e9tiques, des allergies ou si vous d\u00e9sirez simplement quelque chose de sp\u00e9cifique, faites-le nous savoir \u00e0 l&#8217;avance. Notre chef veillera \u00e0 ce que votre petit-d\u00e9jeuner soit exactement comme vous le souhaitez. Que vous vouliez un repas l\u00e9ger avec des fruits et du yaourt ou un grand festin pour bien commencer votre journ\u00e9e &#8211; nous pouvons satisfaire les deux.    <br><br>Nous garantissons une fra\u00eecheur ultime en nous approvisionnant directement dans notre propre jardin. Les tomates sucr\u00e9es, les concombres croquants et les herbes aromatiques comme la menthe et la coriandre dans votre assiette ont souvent \u00e9t\u00e9 r\u00e9colt\u00e9s le matin m\u00eame. Cette approche \u00ab de la ferme \u00e0 la table \u00bb assure non seulement une explosion de saveurs, mais offre \u00e9galement un d\u00e9but de journ\u00e9e authentique et sain.  <br><br>Commencez votre aventure au Maroc avec l&#8217;\u00e9nergie qu&#8217;offre un v\u00e9ritable petit-d\u00e9jeuner marocain. R\u00e9servez votre s\u00e9jour avec petit-d\u00e9jeuner inclus et go\u00fbtez la diff\u00e9rence. \t\t\t\t\t\t\t\t<\/div>\n\t\t\t\t<\/div>\n\t\t\t\t<div class=\"elementor-element elementor-element-64db301 elementor-widget elementor-widget-spacer\" data-id=\"64db301\" data-element_type=\"widget\" data-e-type=\"widget\" data-widget_type=\"spacer.default\">\n\t\t\t\t<div class=\"elementor-widget-container\">\n\t\t\t\t\t\t\t<div class=\"elementor-spacer\">\n\t\t\t<div class=\"elementor-spacer-inner\"><\/div>\n\t\t<\/div>\n\t\t\t\t\t\t<\/div>\n\t\t\t\t<\/div>\n\t\t\t\t<div class=\"elementor-element elementor-element-319d49b elementor-align-center elementor-widget elementor-widget-button\" data-id=\"319d49b\" data-element_type=\"widget\" data-e-type=\"widget\" data-widget_type=\"button.default\">\n\t\t\t\t<div class=\"elementor-widget-container\">\n\t\t\t\t\t\t\t\t\t<div class=\"elementor-button-wrapper\">\n\t\t\t\t\t<a class=\"elementor-button elementor-button-link elementor-size-sm\" href=\"https:\/\/bamblue-riad-marrakech.com\/index.php\/bamblue-amenities\/\">\n\t\t\t\t\t\t<span class=\"elementor-button-content-wrapper\">\n\t\t\t\t\t\t\t\t\t<span class=\"elementor-button-text\">Retourner aux commodit\u00e9s<\/span>\n\t\t\t\t\t<\/span>\n\t\t\t\t\t<\/a>\n\t\t\t\t<\/div>\n\t\t\t\t\t\t\t\t<\/div>\n\t\t\t\t<\/div>\n\t\t\t\t\t<\/div>\n\t\t\t\t<\/div>\n\t\t\t\t<\/div>\n\t\t","protected":false},"excerpt":{"rendered":"<p>Se r\u00e9veiller dans votre propre villa de luxe pr\u00e8s de Marrakech est une exp\u00e9rience inoubliable, alors que vous \u00eates accueilli par les ar\u00f4mes d&#8217;un petit-d\u00e9jeuner marocain artisanal fra\u00eechement pr\u00e9par\u00e9. Au Riad BamBlue, nous croyons qu&#8217;une journ\u00e9e parfaite commence par un repas copieux et nourrissant, pr\u00e9par\u00e9 avec amour et des ingr\u00e9dients locaux. Notre service de petit-d\u00e9jeuner &hellip; <a href=\"https:\/\/bamblue-riad-marrakech.com\/fr\/index.php\/service-de-petit-dejeuner\/\" class=\"more-link\">Continue reading<span class=\"screen-reader-text\"> &#8220;Petit-d\u00e9jeuner&#8221;<\/span><\/a><\/p>\n","protected":false},"author":1,"featured_media":1094,"parent":0,"menu_order":0,"comment_status":"closed","ping_status":"closed","template":"template-full-width-grid-page.php","meta":{"inline_featured_image":false,"footnotes":""},"class_list":["post-1350","page","type-page","status-publish","has-post-thumbnail","hentry"],"aioseo_notices":[],"jetpack_sharing_enabled":true,"_links":{"self":[{"href":"https:\/\/bamblue-riad-marrakech.com\/fr\/index.php\/wp-json\/wp\/v2\/pages\/1350","targetHints":{"allow":["GET"]}}],"collection":[{"href":"https:\/\/bamblue-riad-marrakech.com\/fr\/index.php\/wp-json\/wp\/v2\/pages"}],"about":[{"href":"https:\/\/bamblue-riad-marrakech.com\/fr\/index.php\/wp-json\/wp\/v2\/types\/page"}],"author":[{"embeddable":true,"href":"https:\/\/bamblue-riad-marrakech.com\/fr\/index.php\/wp-json\/wp\/v2\/users\/1"}],"replies":[{"embeddable":true,"href":"https:\/\/bamblue-riad-marrakech.com\/fr\/index.php\/wp-json\/wp\/v2\/comments?post=1350"}],"version-history":[{"count":11,"href":"https:\/\/bamblue-riad-marrakech.com\/fr\/index.php\/wp-json\/wp\/v2\/pages\/1350\/revisions"}],"predecessor-version":[{"id":1966,"href":"https:\/\/bamblue-riad-marrakech.com\/fr\/index.php\/wp-json\/wp\/v2\/pages\/1350\/revisions\/1966"}],"wp:featuredmedia":[{"embeddable":true,"href":"https:\/\/bamblue-riad-marrakech.com\/fr\/index.php\/wp-json\/wp\/v2\/media\/1094"}],"wp:attachment":[{"href":"https:\/\/bamblue-riad-marrakech.com\/fr\/index.php\/wp-json\/wp\/v2\/media?parent=1350"}],"curies":[{"name":"wp","href":"https:\/\/api.w.org\/{rel}","templated":true}]}}