{"id":1357,"date":"2018-07-19T08:25:52","date_gmt":"2018-07-19T08:25:52","guid":{"rendered":"https:\/\/bamblue-riad-marrakech.com\/index.php\/service-de-restauration\/"},"modified":"2025-12-03T13:40:38","modified_gmt":"2025-12-03T13:40:38","slug":"service-de-restauration","status":"publish","type":"page","link":"https:\/\/bamblue-riad-marrakech.com\/fr\/index.php\/service-de-restauration\/","title":{"rendered":"Service Diner"},"content":{"rendered":"\t\t<div data-elementor-type=\"wp-page\" data-elementor-id=\"1357\" class=\"elementor elementor-1357 elementor-459\" data-elementor-post-type=\"page\">\n\t\t\t\t<div class=\"elementor-element elementor-element-236589e8 e-flex e-con-boxed e-con e-parent\" data-id=\"236589e8\" data-element_type=\"container\" data-e-type=\"container\">\n\t\t\t\t\t<div class=\"e-con-inner\">\n\t\t\t\t<div class=\"elementor-element elementor-element-4edf59b5 elementor-widget elementor-widget-text-editor\" data-id=\"4edf59b5\" data-element_type=\"widget\" data-e-type=\"widget\" data-widget_type=\"text-editor.default\">\n\t\t\t\t<div class=\"elementor-widget-container\">\n\t\t\t\t\t\t\t\t\t<p>Apr\u00e8s une journ\u00e9e riche en d\u00e9couvertes dans la m\u00e9dina ou au bord de la piscine, rien n&#8217;est plus agr\u00e9able qu&#8217;un d\u00eener gastronomique dans l&#8217;intimit\u00e9 de votre propre villa. Notre service de d\u00eener transforme le Riad BamBlue en un restaurant exclusif, o\u00f9 seul votre groupe est l&#8217;invit\u00e9. <br><br>Notre talentueux chef local vous fera d\u00e9couvrir la profondeur et la richesse de la cuisine marocaine. Du c\u00e9l\u00e8bre tajine et couscous aux plats raffin\u00e9s comme la pastilla (une p\u00e2tisserie farcie de pigeon ou de poulet). Chaque repas est pr\u00e9par\u00e9 avec le plus grand soin selon des recettes authentiques transmises de g\u00e9n\u00e9ration en g\u00e9n\u00e9ration.  <br><br>Le c\u0153ur de notre cuisine bat dans notre propre potager. Ici, nous cultivons une grande partie des l\u00e9gumes et des herbes utilis\u00e9s dans vos plats. Cela signifie que la saveur de votre repas d\u00e9pend directement de la saison marocaine et du soleil. Les tomates sont plus sucr\u00e9es, la menthe plus aromatique et les salades plus croquantes. C&#8217;est une exp\u00e9rience gustative authentique, pure et in\u00e9gal\u00e9e.    <br><br>Avant votre arriv\u00e9e, nous aimerions discuter de vos souhaits avec vous. Souhaitez-vous assister \u00e0 une d\u00e9monstration culinaire et apprendre les secrets du tajine ? Pr\u00e9f\u00e9rez-vous un d\u00eener romantique aux lumi\u00e8res de la piscine ou un repas festif pour toute la famille ? Ou avez-vous des plats sp\u00e9cifiques que vous voulez absolument essayer ? Notre chef cr\u00e9e un menu personnalis\u00e9, enti\u00e8rement adapt\u00e9 \u00e0 vos go\u00fbts et \u00e0 l&#8217;occasion.    <br><br>Que vous optiez pour une formule tout compris ou que vous d\u00eeniez \u00e0 la carte, chaque soir\u00e9e sera un moment culinaire exceptionnel. Veuillez r\u00e9server vos d\u00eeners \u00e0 l&#8217;avance afin que nous puissions tout pr\u00e9parer parfaitement pour une exp\u00e9rience gastronomique inoubliable. <\/p>\t\t\t\t\t\t\t\t<\/div>\n\t\t\t\t<\/div>\n\t\t\t\t<div class=\"elementor-element elementor-element-9c4b9d3 elementor-widget elementor-widget-spacer\" data-id=\"9c4b9d3\" data-element_type=\"widget\" data-e-type=\"widget\" data-widget_type=\"spacer.default\">\n\t\t\t\t<div class=\"elementor-widget-container\">\n\t\t\t\t\t\t\t<div class=\"elementor-spacer\">\n\t\t\t<div class=\"elementor-spacer-inner\"><\/div>\n\t\t<\/div>\n\t\t\t\t\t\t<\/div>\n\t\t\t\t<\/div>\n\t\t\t\t<div class=\"elementor-element elementor-element-8b9d7ff elementor-align-center elementor-widget elementor-widget-button\" data-id=\"8b9d7ff\" data-element_type=\"widget\" data-e-type=\"widget\" data-widget_type=\"button.default\">\n\t\t\t\t<div class=\"elementor-widget-container\">\n\t\t\t\t\t\t\t\t\t<div class=\"elementor-button-wrapper\">\n\t\t\t\t\t<a class=\"elementor-button elementor-button-link elementor-size-sm\" href=\"https:\/\/bamblue-riad-marrakech.com\/index.php\/bamblue-amenities\/\">\n\t\t\t\t\t\t<span class=\"elementor-button-content-wrapper\">\n\t\t\t\t\t\t\t\t\t<span class=\"elementor-button-text\">Retourner aux commodit\u00e9s<\/span>\n\t\t\t\t\t<\/span>\n\t\t\t\t\t<\/a>\n\t\t\t\t<\/div>\n\t\t\t\t\t\t\t\t<\/div>\n\t\t\t\t<\/div>\n\t\t\t\t\t<\/div>\n\t\t\t\t<\/div>\n\t\t\t\t<\/div>\n\t\t","protected":false},"excerpt":{"rendered":"<p>Apr\u00e8s une journ\u00e9e riche en d\u00e9couvertes dans la m\u00e9dina ou au bord de la piscine, rien n&#8217;est plus agr\u00e9able qu&#8217;un d\u00eener gastronomique dans l&#8217;intimit\u00e9 de votre propre villa. Notre service de d\u00eener transforme le Riad BamBlue en un restaurant exclusif, o\u00f9 seul votre groupe est l&#8217;invit\u00e9. Notre talentueux chef local vous fera d\u00e9couvrir la profondeur &hellip; <a href=\"https:\/\/bamblue-riad-marrakech.com\/fr\/index.php\/service-de-restauration\/\" class=\"more-link\">Continue reading<span class=\"screen-reader-text\"> &#8220;Service Diner&#8221;<\/span><\/a><\/p>\n","protected":false},"author":1,"featured_media":1092,"parent":0,"menu_order":0,"comment_status":"closed","ping_status":"closed","template":"template-full-width-grid-page.php","meta":{"inline_featured_image":false,"footnotes":""},"class_list":["post-1357","page","type-page","status-publish","has-post-thumbnail","hentry"],"aioseo_notices":[],"jetpack_sharing_enabled":true,"_links":{"self":[{"href":"https:\/\/bamblue-riad-marrakech.com\/fr\/index.php\/wp-json\/wp\/v2\/pages\/1357","targetHints":{"allow":["GET"]}}],"collection":[{"href":"https:\/\/bamblue-riad-marrakech.com\/fr\/index.php\/wp-json\/wp\/v2\/pages"}],"about":[{"href":"https:\/\/bamblue-riad-marrakech.com\/fr\/index.php\/wp-json\/wp\/v2\/types\/page"}],"author":[{"embeddable":true,"href":"https:\/\/bamblue-riad-marrakech.com\/fr\/index.php\/wp-json\/wp\/v2\/users\/1"}],"replies":[{"embeddable":true,"href":"https:\/\/bamblue-riad-marrakech.com\/fr\/index.php\/wp-json\/wp\/v2\/comments?post=1357"}],"version-history":[{"count":5,"href":"https:\/\/bamblue-riad-marrakech.com\/fr\/index.php\/wp-json\/wp\/v2\/pages\/1357\/revisions"}],"predecessor-version":[{"id":1972,"href":"https:\/\/bamblue-riad-marrakech.com\/fr\/index.php\/wp-json\/wp\/v2\/pages\/1357\/revisions\/1972"}],"wp:featuredmedia":[{"embeddable":true,"href":"https:\/\/bamblue-riad-marrakech.com\/fr\/index.php\/wp-json\/wp\/v2\/media\/1092"}],"wp:attachment":[{"href":"https:\/\/bamblue-riad-marrakech.com\/fr\/index.php\/wp-json\/wp\/v2\/media?parent=1357"}],"curies":[{"name":"wp","href":"https:\/\/api.w.org\/{rel}","templated":true}]}}