{"id":1370,"date":"2024-08-27T18:16:55","date_gmt":"2024-08-27T18:16:55","guid":{"rendered":"https:\/\/bamblue-riad-marrakech.com\/index.php\/confirmation-de-reservation\/reservation-annulee\/"},"modified":"2025-09-15T17:10:55","modified_gmt":"2025-09-15T17:10:55","slug":"reservation-annulee","status":"publish","type":"page","link":"https:\/\/bamblue-riad-marrakech.com\/fr\/index.php\/confirmation-de-reservation\/reservation-annulee\/","title":{"rendered":"R\u00e9servation annul\u00e9e"},"content":{"rendered":"<p>Votre r\u00e9servation est annul\u00e9e.<\/p>\n","protected":false},"excerpt":{"rendered":"<p>Votre r\u00e9servation est annul\u00e9e.<\/p>\n","protected":false},"author":1,"featured_media":0,"parent":1275,"menu_order":0,"comment_status":"closed","ping_status":"closed","template":"","meta":{"inline_featured_image":false,"footnotes":""},"class_list":["post-1370","page","type-page","status-publish","hentry"],"aioseo_notices":[],"jetpack_sharing_enabled":true,"_links":{"self":[{"href":"https:\/\/bamblue-riad-marrakech.com\/fr\/index.php\/wp-json\/wp\/v2\/pages\/1370","targetHints":{"allow":["GET"]}}],"collection":[{"href":"https:\/\/bamblue-riad-marrakech.com\/fr\/index.php\/wp-json\/wp\/v2\/pages"}],"about":[{"href":"https:\/\/bamblue-riad-marrakech.com\/fr\/index.php\/wp-json\/wp\/v2\/types\/page"}],"author":[{"embeddable":true,"href":"https:\/\/bamblue-riad-marrakech.com\/fr\/index.php\/wp-json\/wp\/v2\/users\/1"}],"replies":[{"embeddable":true,"href":"https:\/\/bamblue-riad-marrakech.com\/fr\/index.php\/wp-json\/wp\/v2\/comments?post=1370"}],"version-history":[{"count":1,"href":"https:\/\/bamblue-riad-marrakech.com\/fr\/index.php\/wp-json\/wp\/v2\/pages\/1370\/revisions"}],"predecessor-version":[{"id":1371,"href":"https:\/\/bamblue-riad-marrakech.com\/fr\/index.php\/wp-json\/wp\/v2\/pages\/1370\/revisions\/1371"}],"up":[{"embeddable":true,"href":"https:\/\/bamblue-riad-marrakech.com\/fr\/index.php\/wp-json\/wp\/v2\/pages\/1275"}],"wp:attachment":[{"href":"https:\/\/bamblue-riad-marrakech.com\/fr\/index.php\/wp-json\/wp\/v2\/media?parent=1370"}],"curies":[{"name":"wp","href":"https:\/\/api.w.org\/{rel}","templated":true}]}}