{"id":1412,"date":"2025-09-03T08:55:21","date_gmt":"2025-09-03T08:55:21","guid":{"rendered":"https:\/\/bamblue-riad-marrakech.com\/index.php\/quartier-2\/"},"modified":"2025-09-15T17:29:56","modified_gmt":"2025-09-15T17:29:56","slug":"quartier-2","status":"publish","type":"page","link":"https:\/\/bamblue-riad-marrakech.com\/fr\/index.php\/quartier-2\/","title":{"rendered":"Quartier"},"content":{"rendered":"\t\t<div data-elementor-type=\"wp-page\" data-elementor-id=\"1412\" class=\"elementor elementor-1412 elementor-948\" data-elementor-post-type=\"page\">\n\t\t\t\t<div class=\"elementor-element elementor-element-9058023 e-flex e-con-boxed e-con e-parent\" data-id=\"9058023\" data-element_type=\"container\" data-e-type=\"container\">\n\t\t\t\t\t<div class=\"e-con-inner\">\n\t\t\t\t<div class=\"elementor-element elementor-element-84a2195 elementor-widget elementor-widget-text-editor\" data-id=\"84a2195\" data-element_type=\"widget\" data-e-type=\"widget\" data-widget_type=\"text-editor.default\">\n\t\t\t\t<div class=\"elementor-widget-container\">\n\t\t\t\t\t\t\t\t\t<p>S\u00e9journer dans notre riad signifie que vous profitez du meilleur de tous les mondes. Le pouls exaltant de Marrakech est \u00e0 port\u00e9e de main pour une soir\u00e9e d&#8217;exploration, tandis que la majest\u00e9 sereine des montagnes de l&#8217;Atlas vous entoure. Les vall\u00e9es rafra\u00eechissantes et les villes captivantes \u00e0 proximit\u00e9 sont toutes \u00e0 d\u00e9couvrir pendant la journ\u00e9e.  <\/p>\t\t\t\t\t\t\t\t<\/div>\n\t\t\t\t<\/div>\n\t\t\t\t\t<\/div>\n\t\t\t\t<\/div>\n\t\t<div class=\"elementor-element elementor-element-9ffb9dd e-grid e-con-boxed e-con e-parent\" data-id=\"9ffb9dd\" data-element_type=\"container\" data-e-type=\"container\">\n\t\t\t\t\t<div class=\"e-con-inner\">\n\t\t<div class=\"elementor-element elementor-element-cfa3152 e-con-full e-flex e-con e-child\" data-id=\"cfa3152\" data-element_type=\"container\" data-e-type=\"container\">\n\t\t\t\t<div class=\"elementor-element elementor-element-09070d3 elementor-widget elementor-widget-image\" data-id=\"09070d3\" data-element_type=\"widget\" data-e-type=\"widget\" data-widget_type=\"image.default\">\n\t\t\t\t<div class=\"elementor-widget-container\">\n\t\t\t\t\t\t\t\t\t\t\t\t\t\t\t\t<a href=\"https:\/\/bamblue-riad-marrakech.com\/index.php\/city-of-marrakesh\/\">\n\t\t\t\t\t\t\t<img fetchpriority=\"high\" decoding=\"async\" width=\"840\" height=\"466\" src=\"https:\/\/bamblue-riad-marrakech.com\/wp-content\/uploads\/2025\/06\/majorelle-840x466.jpg\" class=\"attachment-aquentro-thumb-medium size-aquentro-thumb-medium wp-image-712\" alt=\"Riad BAM-Blue Marrakesh\" \/>\t\t\t\t\t\t\t\t<\/a>\n\t\t\t\t\t\t\t\t\t\t\t\t\t\t\t<\/div>\n\t\t\t\t<\/div>\n\t\t\t\t<div class=\"elementor-element elementor-element-c7792da elementor-widget elementor-widget-heading\" data-id=\"c7792da\" data-element_type=\"widget\" data-e-type=\"widget\" data-widget_type=\"heading.default\">\n\t\t\t\t<div class=\"elementor-widget-container\">\n\t\t\t\t\t<h2 class=\"elementor-heading-title elementor-size-default\">Ville de Marrakech<\/h2>\t\t\t\t<\/div>\n\t\t\t\t<\/div>\n\t\t\t\t<div class=\"elementor-element elementor-element-f0cf677 elementor-widget elementor-widget-text-editor\" data-id=\"f0cf677\" data-element_type=\"widget\" data-e-type=\"widget\" data-widget_type=\"text-editor.default\">\n\t\t\t\t<div class=\"elementor-widget-container\">\n\t\t\t\t\t\t\t\t\t<p>N&#8217;oubliez pas que l&#8217;exposition la plus fascinante est la ville elle-m\u00eame. Chaque coin raconte une histoire. La place principale, <strong>Djemaa el-Fna<\/strong>, se transforme d&#8217;un march\u00e9 anim\u00e9 le jour en un immense th\u00e9\u00e2tre en plein air la nuit, avec des musiciens, des charmeurs de serpents et des stands de nourriture cr\u00e9ant un spectacle inoubliable.  <\/p>\t\t\t\t\t\t\t\t<\/div>\n\t\t\t\t<\/div>\n\t\t\t\t<div class=\"elementor-element elementor-element-a5b847e elementor-align-justify elementor-widget elementor-widget-button\" data-id=\"a5b847e\" data-element_type=\"widget\" data-e-type=\"widget\" data-widget_type=\"button.default\">\n\t\t\t\t<div class=\"elementor-widget-container\">\n\t\t\t\t\t\t\t\t\t<div class=\"elementor-button-wrapper\">\n\t\t\t\t\t<a class=\"elementor-button elementor-button-link elementor-size-sm\" href=\"https:\/\/bamblue-riad-marrakech.com\/index.php\/city-of-marrakesh\/\">\n\t\t\t\t\t\t<span class=\"elementor-button-content-wrapper\">\n\t\t\t\t\t\t\t\t\t<span class=\"elementor-button-text\">En savoir plus<\/span>\n\t\t\t\t\t<\/span>\n\t\t\t\t\t<\/a>\n\t\t\t\t<\/div>\n\t\t\t\t\t\t\t\t<\/div>\n\t\t\t\t<\/div>\n\t\t\t\t<div class=\"elementor-element elementor-element-ee5c1ad elementor-widget elementor-widget-spacer\" data-id=\"ee5c1ad\" data-element_type=\"widget\" data-e-type=\"widget\" data-widget_type=\"spacer.default\">\n\t\t\t\t<div class=\"elementor-widget-container\">\n\t\t\t\t\t\t\t<div class=\"elementor-spacer\">\n\t\t\t<div class=\"elementor-spacer-inner\"><\/div>\n\t\t<\/div>\n\t\t\t\t\t\t<\/div>\n\t\t\t\t<\/div>\n\t\t\t\t<\/div>\n\t\t<div class=\"elementor-element elementor-element-0c974ea e-con-full e-flex e-con e-child\" data-id=\"0c974ea\" data-element_type=\"container\" data-e-type=\"container\">\n\t\t\t\t<div class=\"elementor-element elementor-element-4c455a3 elementor-widget elementor-widget-image\" data-id=\"4c455a3\" data-element_type=\"widget\" data-e-type=\"widget\" data-widget_type=\"image.default\">\n\t\t\t\t<div class=\"elementor-widget-container\">\n\t\t\t\t\t\t\t\t\t\t\t\t\t\t\t\t<a href=\"https:\/\/bamblue-riad-marrakech.com\/index.php\/mountain-valleys\/\">\n\t\t\t\t\t\t\t<img decoding=\"async\" width=\"840\" height=\"466\" src=\"https:\/\/bamblue-riad-marrakech.com\/wp-content\/uploads\/2025\/06\/marrakesh_eurika_bis-840x466.jpg\" class=\"attachment-aquentro-thumb-medium size-aquentro-thumb-medium wp-image-708\" alt=\"Riad BAM-Blue Marrakesh\" \/>\t\t\t\t\t\t\t\t<\/a>\n\t\t\t\t\t\t\t\t\t\t\t\t\t\t\t<\/div>\n\t\t\t\t<\/div>\n\t\t\t\t<div class=\"elementor-element elementor-element-33a730e elementor-widget elementor-widget-heading\" data-id=\"33a730e\" data-element_type=\"widget\" data-e-type=\"widget\" data-widget_type=\"heading.default\">\n\t\t\t\t<div class=\"elementor-widget-container\">\n\t\t\t\t\t<h2 class=\"elementor-heading-title elementor-size-default\">Vall\u00e9es montagneuses<\/h2>\t\t\t\t<\/div>\n\t\t\t\t<\/div>\n\t\t\t\t<div class=\"elementor-element elementor-element-38cbe68 elementor-widget elementor-widget-text-editor\" data-id=\"38cbe68\" data-element_type=\"widget\" data-e-type=\"widget\" data-widget_type=\"text-editor.default\">\n\t\t\t\t<div class=\"elementor-widget-container\">\n\t\t\t\t\t\t\t\t\t<p>Parmi les nombreux tr\u00e9sors de l&#8217;Atlas se trouve la <strong>Vall\u00e9e de l&#8217;Ourika<\/strong> (souvent orthographi\u00e9e Eurika), une oasis luxuriante de verdure \u00e0 deux pas de la ville. Suivant le cours d&#8217;une rivi\u00e8re, la vall\u00e9e est parsem\u00e9e de cascades et de charmants restaurants au bord de l&#8217;eau o\u00f9 vous pouvez d\u00eener les pieds dans l&#8217;eau. <\/p>\t\t\t\t\t\t\t\t<\/div>\n\t\t\t\t<\/div>\n\t\t\t\t<div class=\"elementor-element elementor-element-9984878 elementor-align-justify elementor-widget elementor-widget-button\" data-id=\"9984878\" data-element_type=\"widget\" data-e-type=\"widget\" data-widget_type=\"button.default\">\n\t\t\t\t<div class=\"elementor-widget-container\">\n\t\t\t\t\t\t\t\t\t<div class=\"elementor-button-wrapper\">\n\t\t\t\t\t<a class=\"elementor-button elementor-button-link elementor-size-sm\" href=\"https:\/\/bamblue-riad-marrakech.com\/index.php\/mountain-valleys\/\">\n\t\t\t\t\t\t<span class=\"elementor-button-content-wrapper\">\n\t\t\t\t\t\t\t\t\t<span class=\"elementor-button-text\">En savoir plus<\/span>\n\t\t\t\t\t<\/span>\n\t\t\t\t\t<\/a>\n\t\t\t\t<\/div>\n\t\t\t\t\t\t\t\t<\/div>\n\t\t\t\t<\/div>\n\t\t\t\t<div class=\"elementor-element elementor-element-330aef8 elementor-widget elementor-widget-spacer\" data-id=\"330aef8\" data-element_type=\"widget\" data-e-type=\"widget\" data-widget_type=\"spacer.default\">\n\t\t\t\t<div class=\"elementor-widget-container\">\n\t\t\t\t\t\t\t<div class=\"elementor-spacer\">\n\t\t\t<div class=\"elementor-spacer-inner\"><\/div>\n\t\t<\/div>\n\t\t\t\t\t\t<\/div>\n\t\t\t\t<\/div>\n\t\t\t\t<\/div>\n\t\t<div class=\"elementor-element elementor-element-bce7f1f e-con-full e-flex e-con e-child\" data-id=\"bce7f1f\" data-element_type=\"container\" data-e-type=\"container\">\n\t\t\t\t<div class=\"elementor-element elementor-element-f9f7325 elementor-widget elementor-widget-image\" data-id=\"f9f7325\" data-element_type=\"widget\" data-e-type=\"widget\" data-widget_type=\"image.default\">\n\t\t\t\t<div class=\"elementor-widget-container\">\n\t\t\t\t\t\t\t\t\t\t\t\t\t\t\t\t<a href=\"https:\/\/bamblue-riad-marrakech.com\/index.php\/ouarzazate\/\">\n\t\t\t\t\t\t\t<img decoding=\"async\" width=\"840\" height=\"466\" src=\"https:\/\/bamblue-riad-marrakech.com\/wp-content\/uploads\/2025\/06\/fortress_ait_benhadou-840x466.jpg\" class=\"attachment-aquentro-thumb-medium size-aquentro-thumb-medium wp-image-718\" alt=\"Riad BAM Blue Ait - Benhaddou Morocco\" \/>\t\t\t\t\t\t\t\t<\/a>\n\t\t\t\t\t\t\t\t\t\t\t\t\t\t\t<\/div>\n\t\t\t\t<\/div>\n\t\t\t\t<div class=\"elementor-element elementor-element-7b7c307 elementor-widget elementor-widget-heading\" data-id=\"7b7c307\" data-element_type=\"widget\" data-e-type=\"widget\" data-widget_type=\"heading.default\">\n\t\t\t\t<div class=\"elementor-widget-container\">\n\t\t\t\t\t<h2 class=\"elementor-heading-title elementor-size-default\">Ouarzazate<\/h2>\t\t\t\t<\/div>\n\t\t\t\t<\/div>\n\t\t\t\t<div class=\"elementor-element elementor-element-e4f232c elementor-widget elementor-widget-text-editor\" data-id=\"e4f232c\" data-element_type=\"widget\" data-e-type=\"widget\" data-widget_type=\"text-editor.default\">\n\t\t\t\t<div class=\"elementor-widget-container\">\n\t\t\t\t\t\t\t\t\t<p>Voyagez vers l&#8217;est \u00e0 travers le col du Tichka pour atteindre la porte du Sahara. Connue comme le \u00ab Hollywood de l&#8217;Afrique \u00bb, Ouarzazate est c\u00e9l\u00e8bre pour ses vastes studios de cin\u00e9ma et l&#8217;imposante Kasbah Taourirt. Visitez les villages fortifi\u00e9s d&#8217;Ait Ben Haddou, un site class\u00e9 au patrimoine mondial de l&#8217;UNESCO.  <\/p>\t\t\t\t\t\t\t\t<\/div>\n\t\t\t\t<\/div>\n\t\t\t\t<div class=\"elementor-element elementor-element-2b6fbdd elementor-align-justify elementor-widget elementor-widget-button\" data-id=\"2b6fbdd\" data-element_type=\"widget\" data-e-type=\"widget\" data-widget_type=\"button.default\">\n\t\t\t\t<div class=\"elementor-widget-container\">\n\t\t\t\t\t\t\t\t\t<div class=\"elementor-button-wrapper\">\n\t\t\t\t\t<a class=\"elementor-button elementor-button-link elementor-size-sm\" href=\"https:\/\/bamblue-riad-marrakech.com\/index.php\/ouarzazate\/\">\n\t\t\t\t\t\t<span class=\"elementor-button-content-wrapper\">\n\t\t\t\t\t\t\t\t\t<span class=\"elementor-button-text\">En savoir plus<\/span>\n\t\t\t\t\t<\/span>\n\t\t\t\t\t<\/a>\n\t\t\t\t<\/div>\n\t\t\t\t\t\t\t\t<\/div>\n\t\t\t\t<\/div>\n\t\t\t\t<div class=\"elementor-element elementor-element-ad504ba elementor-widget elementor-widget-spacer\" data-id=\"ad504ba\" data-element_type=\"widget\" data-e-type=\"widget\" data-widget_type=\"spacer.default\">\n\t\t\t\t<div class=\"elementor-widget-container\">\n\t\t\t\t\t\t\t<div class=\"elementor-spacer\">\n\t\t\t<div class=\"elementor-spacer-inner\"><\/div>\n\t\t<\/div>\n\t\t\t\t\t\t<\/div>\n\t\t\t\t<\/div>\n\t\t\t\t<\/div>\n\t\t<div class=\"elementor-element elementor-element-7bc655f e-con-full e-flex e-con e-child\" data-id=\"7bc655f\" data-element_type=\"container\" data-e-type=\"container\">\n\t\t\t\t<div class=\"elementor-element elementor-element-3218f78 elementor-widget elementor-widget-image\" data-id=\"3218f78\" data-element_type=\"widget\" data-e-type=\"widget\" data-widget_type=\"image.default\">\n\t\t\t\t<div class=\"elementor-widget-container\">\n\t\t\t\t\t\t\t\t\t\t\t\t\t\t\t\t<a href=\"https:\/\/bamblue-riad-marrakech.com\/index.php\/essaouira\/\">\n\t\t\t\t\t\t\t<img loading=\"lazy\" decoding=\"async\" width=\"840\" height=\"466\" src=\"https:\/\/bamblue-riad-marrakech.com\/wp-content\/uploads\/2025\/06\/shutterstock_2217801137-840x466.jpg\" class=\"attachment-aquentro-thumb-medium size-aquentro-thumb-medium wp-image-739\" alt=\"Riad BAMBleu Essaouira morocco\" \/>\t\t\t\t\t\t\t\t<\/a>\n\t\t\t\t\t\t\t\t\t\t\t\t\t\t\t<\/div>\n\t\t\t\t<\/div>\n\t\t\t\t<div class=\"elementor-element elementor-element-82b8839 elementor-widget elementor-widget-heading\" data-id=\"82b8839\" data-element_type=\"widget\" data-e-type=\"widget\" data-widget_type=\"heading.default\">\n\t\t\t\t<div class=\"elementor-widget-container\">\n\t\t\t\t\t<h2 class=\"elementor-heading-title elementor-size-default\">Essaouira<\/h2>\t\t\t\t<\/div>\n\t\t\t\t<\/div>\n\t\t\t\t<div class=\"elementor-element elementor-element-022cd16 elementor-widget elementor-widget-text-editor\" data-id=\"022cd16\" data-element_type=\"widget\" data-e-type=\"widget\" data-widget_type=\"text-editor.default\">\n\t\t\t\t<div class=\"elementor-widget-container\">\n\t\t\t\t\t\t\t\t\t<p>Aventurez-vous \u00e0 l&#8217;ouest vers cette ancienne cit\u00e9 portuaire fortifi\u00e9e sur la c\u00f4te atlantique. Avec ses maisons aux volets bleus, ses grillades de fruits de mer frais et sa brise oc\u00e9anique constante, Essaouira offre une ambiance compl\u00e8tement diff\u00e9rente et d\u00e9contract\u00e9e. C&#8217;est un monde de musique gnawa et de plages balay\u00e9es par le vent, parfait pour une excursion d&#8217;une journ\u00e9e.  <\/p>\t\t\t\t\t\t\t\t<\/div>\n\t\t\t\t<\/div>\n\t\t\t\t<div class=\"elementor-element elementor-element-eb949f3 elementor-align-justify elementor-widget elementor-widget-button\" data-id=\"eb949f3\" data-element_type=\"widget\" data-e-type=\"widget\" data-widget_type=\"button.default\">\n\t\t\t\t<div class=\"elementor-widget-container\">\n\t\t\t\t\t\t\t\t\t<div class=\"elementor-button-wrapper\">\n\t\t\t\t\t<a class=\"elementor-button elementor-button-link elementor-size-sm\" href=\"https:\/\/bamblue-riad-marrakech.com\/index.php\/essaouira\/\">\n\t\t\t\t\t\t<span class=\"elementor-button-content-wrapper\">\n\t\t\t\t\t\t\t\t\t<span class=\"elementor-button-text\">En savoir plus<\/span>\n\t\t\t\t\t<\/span>\n\t\t\t\t\t<\/a>\n\t\t\t\t<\/div>\n\t\t\t\t\t\t\t\t<\/div>\n\t\t\t\t<\/div>\n\t\t\t\t<div class=\"elementor-element elementor-element-95a0242 elementor-widget elementor-widget-spacer\" data-id=\"95a0242\" data-element_type=\"widget\" data-e-type=\"widget\" data-widget_type=\"spacer.default\">\n\t\t\t\t<div class=\"elementor-widget-container\">\n\t\t\t\t\t\t\t<div class=\"elementor-spacer\">\n\t\t\t<div class=\"elementor-spacer-inner\"><\/div>\n\t\t<\/div>\n\t\t\t\t\t\t<\/div>\n\t\t\t\t<\/div>\n\t\t\t\t<\/div>\n\t\t\t\t\t<\/div>\n\t\t\t\t<\/div>\n\t\t\t\t<\/div>\n\t\t","protected":false},"excerpt":{"rendered":"<p>S\u00e9journer dans notre riad signifie que vous profitez du meilleur de tous les mondes. Le pouls exaltant de Marrakech est \u00e0 port\u00e9e de main pour une soir\u00e9e d&#8217;exploration, tandis que la majest\u00e9 sereine des montagnes de l&#8217;Atlas vous entoure. Les vall\u00e9es rafra\u00eechissantes et les villes captivantes \u00e0 proximit\u00e9 sont toutes \u00e0 d\u00e9couvrir pendant la journ\u00e9e. &hellip; <a href=\"https:\/\/bamblue-riad-marrakech.com\/fr\/index.php\/quartier-2\/\" class=\"more-link\">Continue reading<span class=\"screen-reader-text\"> &#8220;Quartier&#8221;<\/span><\/a><\/p>\n","protected":false},"author":1,"featured_media":1062,"parent":0,"menu_order":0,"comment_status":"closed","ping_status":"closed","template":"template-boxed-page.php","meta":{"inline_featured_image":false,"footnotes":""},"class_list":["post-1412","page","type-page","status-publish","has-post-thumbnail","hentry"],"aioseo_notices":[],"jetpack_sharing_enabled":true,"_links":{"self":[{"href":"https:\/\/bamblue-riad-marrakech.com\/fr\/index.php\/wp-json\/wp\/v2\/pages\/1412","targetHints":{"allow":["GET"]}}],"collection":[{"href":"https:\/\/bamblue-riad-marrakech.com\/fr\/index.php\/wp-json\/wp\/v2\/pages"}],"about":[{"href":"https:\/\/bamblue-riad-marrakech.com\/fr\/index.php\/wp-json\/wp\/v2\/types\/page"}],"author":[{"embeddable":true,"href":"https:\/\/bamblue-riad-marrakech.com\/fr\/index.php\/wp-json\/wp\/v2\/users\/1"}],"replies":[{"embeddable":true,"href":"https:\/\/bamblue-riad-marrakech.com\/fr\/index.php\/wp-json\/wp\/v2\/comments?post=1412"}],"version-history":[{"count":2,"href":"https:\/\/bamblue-riad-marrakech.com\/fr\/index.php\/wp-json\/wp\/v2\/pages\/1412\/revisions"}],"predecessor-version":[{"id":1425,"href":"https:\/\/bamblue-riad-marrakech.com\/fr\/index.php\/wp-json\/wp\/v2\/pages\/1412\/revisions\/1425"}],"wp:featuredmedia":[{"embeddable":true,"href":"https:\/\/bamblue-riad-marrakech.com\/fr\/index.php\/wp-json\/wp\/v2\/media\/1062"}],"wp:attachment":[{"href":"https:\/\/bamblue-riad-marrakech.com\/fr\/index.php\/wp-json\/wp\/v2\/media?parent=1412"}],"curies":[{"name":"wp","href":"https:\/\/api.w.org\/{rel}","templated":true}]}}