{"id":1431,"date":"2025-09-03T08:14:31","date_gmt":"2025-09-03T08:14:31","guid":{"rendered":"https:\/\/bamblue-riad-marrakech.com\/index.php\/commodites-de-bamblue\/"},"modified":"2025-12-03T13:45:41","modified_gmt":"2025-12-03T13:45:41","slug":"commodites-de-bamblue","status":"publish","type":"page","link":"https:\/\/bamblue-riad-marrakech.com\/fr\/index.php\/commodites-de-bamblue\/","title":{"rendered":"Commodit\u00e9s de BamBlue"},"content":{"rendered":"\t\t<div data-elementor-type=\"wp-page\" data-elementor-id=\"1431\" class=\"elementor elementor-1431 elementor-895\" data-elementor-post-type=\"page\">\n\t\t\t\t<div class=\"elementor-element elementor-element-9058023 e-flex e-con-boxed e-con e-parent\" data-id=\"9058023\" data-element_type=\"container\" data-e-type=\"container\">\n\t\t\t\t\t<div class=\"e-con-inner\">\n\t\t\t\t<div class=\"elementor-element elementor-element-84a2195 elementor-widget elementor-widget-text-editor\" data-id=\"84a2195\" data-element_type=\"widget\" data-e-type=\"widget\" data-widget_type=\"text-editor.default\">\n\t\t\t\t<div class=\"elementor-widget-container\">\n\t\t\t\t\t\t\t\t\t<p>Au Riad BAM Blue, vous profiterez de tout le confort qui rendra votre s\u00e9jour inoubliable. D\u00e9tendez-vous au bord de la piscine, restez connect\u00e9 gr\u00e2ce au Wi-Fi gratuit et commencez votre journ\u00e9e avec un d\u00e9licieux petit-d\u00e9jeuner. Notre service attentionn\u00e9, le patio paisible et le jardin offrent le cadre parfait pour une relaxation totale. Tout est con\u00e7u pour vous offrir un s\u00e9jour chaleureux et sans souci.   <\/p>\t\t\t\t\t\t\t\t<\/div>\n\t\t\t\t<\/div>\n\t\t\t\t\t<\/div>\n\t\t\t\t<\/div>\n\t\t<div class=\"elementor-element elementor-element-9ffb9dd e-grid e-con-boxed e-con e-parent\" data-id=\"9ffb9dd\" data-element_type=\"container\" data-e-type=\"container\">\n\t\t\t\t\t<div class=\"e-con-inner\">\n\t\t<div class=\"elementor-element elementor-element-cfa3152 e-con-full e-flex e-con e-child\" data-id=\"cfa3152\" data-element_type=\"container\" data-e-type=\"container\">\n\t\t\t\t<div class=\"elementor-element elementor-element-09070d3 elementor-widget elementor-widget-image\" data-id=\"09070d3\" data-element_type=\"widget\" data-e-type=\"widget\" data-widget_type=\"image.default\">\n\t\t\t\t<div class=\"elementor-widget-container\">\n\t\t\t\t\t\t\t\t\t\t\t\t\t\t\t\t<a href=\"https:\/\/bamblue-riad-marrakech.com\/index.php\/amenities\/breakfast-service\/\">\n\t\t\t\t\t\t\t<img fetchpriority=\"high\" decoding=\"async\" width=\"840\" height=\"466\" src=\"https:\/\/bamblue-riad-marrakech.com\/wp-content\/uploads\/2025\/06\/breakfastmeal1-840x466.jpg\" class=\"attachment-aquentro-thumb-medium size-aquentro-thumb-medium wp-image-1094\" alt=\"Riad BAM-bleu Marrakech\" \/>\t\t\t\t\t\t\t\t<\/a>\n\t\t\t\t\t\t\t\t\t\t\t\t\t\t\t<\/div>\n\t\t\t\t<\/div>\n\t\t\t\t<div class=\"elementor-element elementor-element-c7792da elementor-widget elementor-widget-heading\" data-id=\"c7792da\" data-element_type=\"widget\" data-e-type=\"widget\" data-widget_type=\"heading.default\">\n\t\t\t\t<div class=\"elementor-widget-container\">\n\t\t\t\t\t<h2 class=\"elementor-heading-title elementor-size-default\">Service de petit-d\u00e9jeuner<\/h2>\t\t\t\t<\/div>\n\t\t\t\t<\/div>\n\t\t\t\t<div class=\"elementor-element elementor-element-f0cf677 elementor-widget elementor-widget-text-editor\" data-id=\"f0cf677\" data-element_type=\"widget\" data-e-type=\"widget\" data-widget_type=\"text-editor.default\">\n\t\t\t\t<div class=\"elementor-widget-container\">\n\t\t\t\t\t\t\t\t\t<p>Se r\u00e9veiller dans votre propre villa de luxe pr\u00e8s de Marrakech est une exp\u00e9rience inoubliable, alors que vous \u00eates accueilli par les ar\u00f4mes d&#8217;un petit-d\u00e9jeuner marocain artisanal fra\u00eechement pr\u00e9par\u00e9. Au Riad BamBlue, la journ\u00e9e parfaite commence par un repas copieux et nourrissant, <span style=\"font-size: 1rem;\">pr\u00e9par\u00e9 avec amour et des ingr\u00e9dients locaux.<\/span> <\/p>\t\t\t\t\t\t\t\t<\/div>\n\t\t\t\t<\/div>\n\t\t\t\t<div class=\"elementor-element elementor-element-a5b847e elementor-align-justify elementor-widget elementor-widget-button\" data-id=\"a5b847e\" data-element_type=\"widget\" data-e-type=\"widget\" data-widget_type=\"button.default\">\n\t\t\t\t<div class=\"elementor-widget-container\">\n\t\t\t\t\t\t\t\t\t<div class=\"elementor-button-wrapper\">\n\t\t\t\t\t<a class=\"elementor-button elementor-button-link elementor-size-sm\" href=\"https:\/\/bamblue-riad-marrakech.com\/index.php\/amenities\/breakfast-service\/\">\n\t\t\t\t\t\t<span class=\"elementor-button-content-wrapper\">\n\t\t\t\t\t\t\t\t\t<span class=\"elementor-button-text\">En savoir plus<\/span>\n\t\t\t\t\t<\/span>\n\t\t\t\t\t<\/a>\n\t\t\t\t<\/div>\n\t\t\t\t\t\t\t\t<\/div>\n\t\t\t\t<\/div>\n\t\t\t\t<div class=\"elementor-element elementor-element-ee5c1ad elementor-widget elementor-widget-spacer\" data-id=\"ee5c1ad\" data-element_type=\"widget\" data-e-type=\"widget\" data-widget_type=\"spacer.default\">\n\t\t\t\t<div class=\"elementor-widget-container\">\n\t\t\t\t\t\t\t<div class=\"elementor-spacer\">\n\t\t\t<div class=\"elementor-spacer-inner\"><\/div>\n\t\t<\/div>\n\t\t\t\t\t\t<\/div>\n\t\t\t\t<\/div>\n\t\t\t\t<\/div>\n\t\t<div class=\"elementor-element elementor-element-0c974ea e-con-full e-flex e-con e-child\" data-id=\"0c974ea\" data-element_type=\"container\" data-e-type=\"container\">\n\t\t\t\t<div class=\"elementor-element elementor-element-4c455a3 elementor-widget elementor-widget-image\" data-id=\"4c455a3\" data-element_type=\"widget\" data-e-type=\"widget\" data-widget_type=\"image.default\">\n\t\t\t\t<div class=\"elementor-widget-container\">\n\t\t\t\t\t\t\t\t\t\t\t\t\t\t\t\t<a href=\"https:\/\/bamblue-riad-marrakech.com\/index.php\/amenities\/dining-service\/\">\n\t\t\t\t\t\t\t<img decoding=\"async\" width=\"840\" height=\"466\" src=\"https:\/\/bamblue-riad-marrakech.com\/wp-content\/uploads\/2025\/06\/diningmeal1-840x466.jpg\" class=\"attachment-aquentro-thumb-medium size-aquentro-thumb-medium wp-image-1092\" alt=\"Riad BAM-bleu Marrakech\" \/>\t\t\t\t\t\t\t\t<\/a>\n\t\t\t\t\t\t\t\t\t\t\t\t\t\t\t<\/div>\n\t\t\t\t<\/div>\n\t\t\t\t<div class=\"elementor-element elementor-element-33a730e elementor-widget elementor-widget-heading\" data-id=\"33a730e\" data-element_type=\"widget\" data-e-type=\"widget\" data-widget_type=\"heading.default\">\n\t\t\t\t<div class=\"elementor-widget-container\">\n\t\t\t\t\t<h2 class=\"elementor-heading-title elementor-size-default\">Service de restauration<\/h2>\t\t\t\t<\/div>\n\t\t\t\t<\/div>\n\t\t\t\t<div class=\"elementor-element elementor-element-38cbe68 elementor-widget elementor-widget-text-editor\" data-id=\"38cbe68\" data-element_type=\"widget\" data-e-type=\"widget\" data-widget_type=\"text-editor.default\">\n\t\t\t\t<div class=\"elementor-widget-container\">\n\t\t\t\t\t\t\t\t\t<p>Apr\u00e8s une journ\u00e9e riche en d\u00e9couvertes dans la m\u00e9dina ou au bord de la piscine, rien n&#8217;est plus agr\u00e9able qu&#8217;un d\u00eener gastronomique dans l&#8217;intimit\u00e9 de votre propre villa. Notre service de d\u00eener transforme le Riad BamBlue en un restaurant exclusif, o\u00f9 seul votre groupe est l&#8217;invit\u00e9. <\/p>\t\t\t\t\t\t\t\t<\/div>\n\t\t\t\t<\/div>\n\t\t\t\t<div class=\"elementor-element elementor-element-9984878 elementor-align-justify elementor-widget elementor-widget-button\" data-id=\"9984878\" data-element_type=\"widget\" data-e-type=\"widget\" data-widget_type=\"button.default\">\n\t\t\t\t<div class=\"elementor-widget-container\">\n\t\t\t\t\t\t\t\t\t<div class=\"elementor-button-wrapper\">\n\t\t\t\t\t<a class=\"elementor-button elementor-button-link elementor-size-sm\" href=\"https:\/\/bamblue-riad-marrakech.com\/index.php\/amenities\/dining-service\/\">\n\t\t\t\t\t\t<span class=\"elementor-button-content-wrapper\">\n\t\t\t\t\t\t\t\t\t<span class=\"elementor-button-text\">En savoir plus<\/span>\n\t\t\t\t\t<\/span>\n\t\t\t\t\t<\/a>\n\t\t\t\t<\/div>\n\t\t\t\t\t\t\t\t<\/div>\n\t\t\t\t<\/div>\n\t\t\t\t<div class=\"elementor-element elementor-element-330aef8 elementor-widget elementor-widget-spacer\" data-id=\"330aef8\" data-element_type=\"widget\" data-e-type=\"widget\" data-widget_type=\"spacer.default\">\n\t\t\t\t<div class=\"elementor-widget-container\">\n\t\t\t\t\t\t\t<div class=\"elementor-spacer\">\n\t\t\t<div class=\"elementor-spacer-inner\"><\/div>\n\t\t<\/div>\n\t\t\t\t\t\t<\/div>\n\t\t\t\t<\/div>\n\t\t\t\t<\/div>\n\t\t<div class=\"elementor-element elementor-element-bce7f1f e-con-full e-flex e-con e-child\" data-id=\"bce7f1f\" data-element_type=\"container\" data-e-type=\"container\">\n\t\t\t\t<div class=\"elementor-element elementor-element-f9f7325 elementor-widget elementor-widget-image\" data-id=\"f9f7325\" data-element_type=\"widget\" data-e-type=\"widget\" data-widget_type=\"image.default\">\n\t\t\t\t<div class=\"elementor-widget-container\">\n\t\t\t\t\t\t\t\t\t\t\t\t\t\t\t\t<a href=\"https:\/\/bamblue-riad-marrakech.com\/index.php\/amenities\/swimming-pool\/\">\n\t\t\t\t\t\t\t<img decoding=\"async\" width=\"840\" height=\"466\" src=\"https:\/\/bamblue-riad-marrakech.com\/wp-content\/uploads\/2024\/08\/IMG-20240613-WA0108-840x466.jpg\" class=\"attachment-aquentro-thumb-medium size-aquentro-thumb-medium wp-image-1086\" alt=\"Riad BAM-bleu Marrakech\" \/>\t\t\t\t\t\t\t\t<\/a>\n\t\t\t\t\t\t\t\t\t\t\t\t\t\t\t<\/div>\n\t\t\t\t<\/div>\n\t\t\t\t<div class=\"elementor-element elementor-element-7b7c307 elementor-widget elementor-widget-heading\" data-id=\"7b7c307\" data-element_type=\"widget\" data-e-type=\"widget\" data-widget_type=\"heading.default\">\n\t\t\t\t<div class=\"elementor-widget-container\">\n\t\t\t\t\t<h2 class=\"elementor-heading-title elementor-size-default\">Piscine<\/h2>\t\t\t\t<\/div>\n\t\t\t\t<\/div>\n\t\t\t\t<div class=\"elementor-element elementor-element-e4f232c elementor-widget elementor-widget-text-editor\" data-id=\"e4f232c\" data-element_type=\"widget\" data-e-type=\"widget\" data-widget_type=\"text-editor.default\">\n\t\t\t\t<div class=\"elementor-widget-container\">\n\t\t\t\t\t\t\t\t\t<p>Plongez dans le luxe rafra\u00eechissant de votre propre piscine priv\u00e9e au Riad BamBlue. Notre spacieuse piscine, mesurant 12 m\u00e8tres sur 6 m\u00e8tres, est le point central id\u00e9al pour la d\u00e9tente et le divertissement, con\u00e7ue pour des heures de plaisir pour toute la famille et les amis. <\/p>\t\t\t\t\t\t\t\t<\/div>\n\t\t\t\t<\/div>\n\t\t\t\t<div class=\"elementor-element elementor-element-2b6fbdd elementor-align-justify elementor-widget elementor-widget-button\" data-id=\"2b6fbdd\" data-element_type=\"widget\" data-e-type=\"widget\" data-widget_type=\"button.default\">\n\t\t\t\t<div class=\"elementor-widget-container\">\n\t\t\t\t\t\t\t\t\t<div class=\"elementor-button-wrapper\">\n\t\t\t\t\t<a class=\"elementor-button elementor-button-link elementor-size-sm\" href=\"https:\/\/bamblue-riad-marrakech.com\/index.php\/amenities\/swimming-pool\/\">\n\t\t\t\t\t\t<span class=\"elementor-button-content-wrapper\">\n\t\t\t\t\t\t\t\t\t<span class=\"elementor-button-text\">En savoir plus<\/span>\n\t\t\t\t\t<\/span>\n\t\t\t\t\t<\/a>\n\t\t\t\t<\/div>\n\t\t\t\t\t\t\t\t<\/div>\n\t\t\t\t<\/div>\n\t\t\t\t<div class=\"elementor-element elementor-element-ad504ba elementor-widget elementor-widget-spacer\" data-id=\"ad504ba\" data-element_type=\"widget\" data-e-type=\"widget\" data-widget_type=\"spacer.default\">\n\t\t\t\t<div class=\"elementor-widget-container\">\n\t\t\t\t\t\t\t<div class=\"elementor-spacer\">\n\t\t\t<div class=\"elementor-spacer-inner\"><\/div>\n\t\t<\/div>\n\t\t\t\t\t\t<\/div>\n\t\t\t\t<\/div>\n\t\t\t\t<\/div>\n\t\t<div class=\"elementor-element elementor-element-7bc655f e-con-full e-flex e-con e-child\" data-id=\"7bc655f\" data-element_type=\"container\" data-e-type=\"container\">\n\t\t\t\t<div class=\"elementor-element elementor-element-3218f78 elementor-widget elementor-widget-image\" data-id=\"3218f78\" data-element_type=\"widget\" data-e-type=\"widget\" data-widget_type=\"image.default\">\n\t\t\t\t<div class=\"elementor-widget-container\">\n\t\t\t\t\t\t\t\t\t\t\t\t\t\t\t\t<a href=\"https:\/\/bamblue-riad-marrakech.com\/index.php\/amenities\/hammam\/\">\n\t\t\t\t\t\t\t<img loading=\"lazy\" decoding=\"async\" width=\"840\" height=\"466\" src=\"https:\/\/bamblue-riad-marrakech.com\/wp-content\/uploads\/2024\/08\/hamam_balblue2-840x466.jpg\" class=\"attachment-aquentro-thumb-medium size-aquentro-thumb-medium wp-image-1341\" alt=\"Riad BAM-bleu Marrakech\" \/>\t\t\t\t\t\t\t\t<\/a>\n\t\t\t\t\t\t\t\t\t\t\t\t\t\t\t<\/div>\n\t\t\t\t<\/div>\n\t\t\t\t<div class=\"elementor-element elementor-element-82b8839 elementor-widget elementor-widget-heading\" data-id=\"82b8839\" data-element_type=\"widget\" data-e-type=\"widget\" data-widget_type=\"heading.default\">\n\t\t\t\t<div class=\"elementor-widget-container\">\n\t\t\t\t\t<h2 class=\"elementor-heading-title elementor-size-default\">Hammam<\/h2>\t\t\t\t<\/div>\n\t\t\t\t<\/div>\n\t\t\t\t<div class=\"elementor-element elementor-element-022cd16 elementor-widget elementor-widget-text-editor\" data-id=\"022cd16\" data-element_type=\"widget\" data-e-type=\"widget\" data-widget_type=\"text-editor.default\">\n\t\t\t\t<div class=\"elementor-widget-container\">\n\t\t\t\t\t\t\t\t\t<p>Immergez-vous dans l&#8217;une des traditions marocaines les plus appr\u00e9ci\u00e9es : le Hammam. Notre Riad BamBlue offre l&#8217;opportunit\u00e9 unique de vivre ce rituel profond\u00e9ment purifiant et spirituel dans une intimit\u00e9 et un confort total, &nbsp;<span style=\"font-size: 1rem;\">sans jamais avoir besoin de quitter le riad.<\/span><\/p>\t\t\t\t\t\t\t\t<\/div>\n\t\t\t\t<\/div>\n\t\t\t\t<div class=\"elementor-element elementor-element-eb949f3 elementor-align-justify elementor-widget elementor-widget-button\" data-id=\"eb949f3\" data-element_type=\"widget\" data-e-type=\"widget\" data-widget_type=\"button.default\">\n\t\t\t\t<div class=\"elementor-widget-container\">\n\t\t\t\t\t\t\t\t\t<div class=\"elementor-button-wrapper\">\n\t\t\t\t\t<a class=\"elementor-button elementor-button-link elementor-size-sm\" href=\"https:\/\/bamblue-riad-marrakech.com\/index.php\/amenities\/hammam\/\">\n\t\t\t\t\t\t<span class=\"elementor-button-content-wrapper\">\n\t\t\t\t\t\t\t\t\t<span class=\"elementor-button-text\">En savoir plus<\/span>\n\t\t\t\t\t<\/span>\n\t\t\t\t\t<\/a>\n\t\t\t\t<\/div>\n\t\t\t\t\t\t\t\t<\/div>\n\t\t\t\t<\/div>\n\t\t\t\t<div class=\"elementor-element elementor-element-95a0242 elementor-widget elementor-widget-spacer\" data-id=\"95a0242\" data-element_type=\"widget\" data-e-type=\"widget\" data-widget_type=\"spacer.default\">\n\t\t\t\t<div class=\"elementor-widget-container\">\n\t\t\t\t\t\t\t<div class=\"elementor-spacer\">\n\t\t\t<div class=\"elementor-spacer-inner\"><\/div>\n\t\t<\/div>\n\t\t\t\t\t\t<\/div>\n\t\t\t\t<\/div>\n\t\t\t\t<\/div>\n\t\t<div class=\"elementor-element elementor-element-7225d0f e-con-full e-flex e-con e-child\" data-id=\"7225d0f\" data-element_type=\"container\" data-e-type=\"container\">\n\t\t\t\t<div class=\"elementor-element elementor-element-c88215c elementor-widget elementor-widget-image\" data-id=\"c88215c\" data-element_type=\"widget\" data-e-type=\"widget\" data-widget_type=\"image.default\">\n\t\t\t\t<div class=\"elementor-widget-container\">\n\t\t\t\t\t\t\t\t\t\t\t\t\t\t\t\t<a href=\"https:\/\/bamblue-riad-marrakech.com\/index.php\/amenities\/airport-shuttle\/\">\n\t\t\t\t\t\t\t<img loading=\"lazy\" decoding=\"async\" width=\"840\" height=\"466\" src=\"https:\/\/bamblue-riad-marrakech.com\/wp-content\/uploads\/2025\/07\/shutterstock_1407776312-840x466.jpg\" class=\"attachment-aquentro-thumb-medium size-aquentro-thumb-medium wp-image-1068\" alt=\"Riad BAM-bleu Marrakech\" \/>\t\t\t\t\t\t\t\t<\/a>\n\t\t\t\t\t\t\t\t\t\t\t\t\t\t\t<\/div>\n\t\t\t\t<\/div>\n\t\t\t\t<div class=\"elementor-element elementor-element-1e91ff4 elementor-widget elementor-widget-heading\" data-id=\"1e91ff4\" data-element_type=\"widget\" data-e-type=\"widget\" data-widget_type=\"heading.default\">\n\t\t\t\t<div class=\"elementor-widget-container\">\n\t\t\t\t\t<h2 class=\"elementor-heading-title elementor-size-default\">Navette priv\u00e9e pour l'a\u00e9roport<\/h2>\t\t\t\t<\/div>\n\t\t\t\t<\/div>\n\t\t\t\t<div class=\"elementor-element elementor-element-acbdf8f elementor-widget elementor-widget-text-editor\" data-id=\"acbdf8f\" data-element_type=\"widget\" data-e-type=\"widget\" data-widget_type=\"text-editor.default\">\n\t\t\t\t<div class=\"elementor-widget-container\">\n\t\t\t\t\t\t\t\t\t<p>Commencez et terminez vos vacances dans une tranquillit\u00e9 et un confort absolus gr\u00e2ce \u00e0 notre service fiable de navette a\u00e9roport. Nous organisons un transfert sans faille entre l&#8217;a\u00e9roport de Marrakech-Menara (RAK) et votre villa, garantissant un voyage sans tracas ni stress. <\/p>\t\t\t\t\t\t\t\t<\/div>\n\t\t\t\t<\/div>\n\t\t\t\t<div class=\"elementor-element elementor-element-3aaeec8 elementor-align-justify elementor-widget elementor-widget-button\" data-id=\"3aaeec8\" data-element_type=\"widget\" data-e-type=\"widget\" data-widget_type=\"button.default\">\n\t\t\t\t<div class=\"elementor-widget-container\">\n\t\t\t\t\t\t\t\t\t<div class=\"elementor-button-wrapper\">\n\t\t\t\t\t<a class=\"elementor-button elementor-button-link elementor-size-sm\" href=\"https:\/\/bamblue-riad-marrakech.com\/index.php\/amenities\/airport-shuttle\/\">\n\t\t\t\t\t\t<span class=\"elementor-button-content-wrapper\">\n\t\t\t\t\t\t\t\t\t<span class=\"elementor-button-text\">En savoir plus<\/span>\n\t\t\t\t\t<\/span>\n\t\t\t\t\t<\/a>\n\t\t\t\t<\/div>\n\t\t\t\t\t\t\t\t<\/div>\n\t\t\t\t<\/div>\n\t\t\t\t<div class=\"elementor-element elementor-element-f100242 elementor-widget elementor-widget-spacer\" data-id=\"f100242\" data-element_type=\"widget\" data-e-type=\"widget\" data-widget_type=\"spacer.default\">\n\t\t\t\t<div class=\"elementor-widget-container\">\n\t\t\t\t\t\t\t<div class=\"elementor-spacer\">\n\t\t\t<div class=\"elementor-spacer-inner\"><\/div>\n\t\t<\/div>\n\t\t\t\t\t\t<\/div>\n\t\t\t\t<\/div>\n\t\t\t\t<\/div>\n\t\t<div class=\"elementor-element elementor-element-773be7e e-con-full e-flex e-con e-child\" data-id=\"773be7e\" data-element_type=\"container\" data-e-type=\"container\">\n\t\t\t\t<div class=\"elementor-element elementor-element-c4062db elementor-widget elementor-widget-image\" data-id=\"c4062db\" data-element_type=\"widget\" data-e-type=\"widget\" data-widget_type=\"image.default\">\n\t\t\t\t<div class=\"elementor-widget-container\">\n\t\t\t\t\t\t\t\t\t\t\t\t\t\t\t\t<a href=\"https:\/\/bamblue-riad-marrakech.com\/index.php\/amenities\/private-car-parking\/\">\n\t\t\t\t\t\t\t<img loading=\"lazy\" decoding=\"async\" width=\"840\" height=\"466\" src=\"https:\/\/bamblue-riad-marrakech.com\/wp-content\/uploads\/2024\/08\/Recovered_IMG-20240613-WA0002-e1724956993384-840x466.jpg\" class=\"attachment-aquentro-thumb-medium size-aquentro-thumb-medium wp-image-1087\" alt=\"Riad BAM-bleu Marrakech\" \/>\t\t\t\t\t\t\t\t<\/a>\n\t\t\t\t\t\t\t\t\t\t\t\t\t\t\t<\/div>\n\t\t\t\t<\/div>\n\t\t\t\t<div class=\"elementor-element elementor-element-173aa14 elementor-widget elementor-widget-heading\" data-id=\"173aa14\" data-element_type=\"widget\" data-e-type=\"widget\" data-widget_type=\"heading.default\">\n\t\t\t\t<div class=\"elementor-widget-container\">\n\t\t\t\t\t<h2 class=\"elementor-heading-title elementor-size-default\">Parking priv\u00e9<\/h2>\t\t\t\t<\/div>\n\t\t\t\t<\/div>\n\t\t\t\t<div class=\"elementor-element elementor-element-a4b668e elementor-widget elementor-widget-text-editor\" data-id=\"a4b668e\" data-element_type=\"widget\" data-e-type=\"widget\" data-widget_type=\"text-editor.default\">\n\t\t\t\t<div class=\"elementor-widget-container\">\n\t\t\t\t\t\t\t\t\t<p>Commencez et terminez vos vacances dans une tranquillit\u00e9 et un confort absolus gr\u00e2ce \u00e0 notre service fiable de navette a\u00e9roport. Nous organisons un transfert sans faille entre l&#8217;a\u00e9roport de Marrakech-Menara (RAK) et votre villa, garantissant un voyage sans tracas ni stress. <\/p>\t\t\t\t\t\t\t\t<\/div>\n\t\t\t\t<\/div>\n\t\t\t\t<div class=\"elementor-element elementor-element-6f6d380 elementor-align-justify elementor-widget elementor-widget-button\" data-id=\"6f6d380\" data-element_type=\"widget\" data-e-type=\"widget\" data-widget_type=\"button.default\">\n\t\t\t\t<div class=\"elementor-widget-container\">\n\t\t\t\t\t\t\t\t\t<div class=\"elementor-button-wrapper\">\n\t\t\t\t\t<a class=\"elementor-button elementor-button-link elementor-size-sm\" href=\"https:\/\/bamblue-riad-marrakech.com\/index.php\/amenities\/private-car-parking\/\">\n\t\t\t\t\t\t<span class=\"elementor-button-content-wrapper\">\n\t\t\t\t\t\t\t\t\t<span class=\"elementor-button-text\">En savoir plus<\/span>\n\t\t\t\t\t<\/span>\n\t\t\t\t\t<\/a>\n\t\t\t\t<\/div>\n\t\t\t\t\t\t\t\t<\/div>\n\t\t\t\t<\/div>\n\t\t\t\t<div class=\"elementor-element elementor-element-38b4e80 elementor-widget elementor-widget-spacer\" data-id=\"38b4e80\" data-element_type=\"widget\" data-e-type=\"widget\" data-widget_type=\"spacer.default\">\n\t\t\t\t<div class=\"elementor-widget-container\">\n\t\t\t\t\t\t\t<div class=\"elementor-spacer\">\n\t\t\t<div class=\"elementor-spacer-inner\"><\/div>\n\t\t<\/div>\n\t\t\t\t\t\t<\/div>\n\t\t\t\t<\/div>\n\t\t\t\t<\/div>\n\t\t\t\t\t<\/div>\n\t\t\t\t<\/div>\n\t\t\t\t<\/div>\n\t\t","protected":false},"excerpt":{"rendered":"<p>Au Riad BAM Blue, vous profiterez de tout le confort qui rendra votre s\u00e9jour inoubliable. D\u00e9tendez-vous au bord de la piscine, restez connect\u00e9 gr\u00e2ce au Wi-Fi gratuit et commencez votre journ\u00e9e avec un d\u00e9licieux petit-d\u00e9jeuner. Notre service attentionn\u00e9, le patio paisible et le jardin offrent le cadre parfait pour une relaxation totale. Tout est con\u00e7u &hellip; <a href=\"https:\/\/bamblue-riad-marrakech.com\/fr\/index.php\/commodites-de-bamblue\/\" class=\"more-link\">Continue reading<span class=\"screen-reader-text\"> &#8220;Commodit\u00e9s de BamBlue&#8221;<\/span><\/a><\/p>\n","protected":false},"author":1,"featured_media":1859,"parent":0,"menu_order":0,"comment_status":"closed","ping_status":"closed","template":"template-boxed-page.php","meta":{"inline_featured_image":false,"footnotes":""},"class_list":["post-1431","page","type-page","status-publish","has-post-thumbnail","hentry"],"aioseo_notices":[],"jetpack_sharing_enabled":true,"_links":{"self":[{"href":"https:\/\/bamblue-riad-marrakech.com\/fr\/index.php\/wp-json\/wp\/v2\/pages\/1431","targetHints":{"allow":["GET"]}}],"collection":[{"href":"https:\/\/bamblue-riad-marrakech.com\/fr\/index.php\/wp-json\/wp\/v2\/pages"}],"about":[{"href":"https:\/\/bamblue-riad-marrakech.com\/fr\/index.php\/wp-json\/wp\/v2\/types\/page"}],"author":[{"embeddable":true,"href":"https:\/\/bamblue-riad-marrakech.com\/fr\/index.php\/wp-json\/wp\/v2\/users\/1"}],"replies":[{"embeddable":true,"href":"https:\/\/bamblue-riad-marrakech.com\/fr\/index.php\/wp-json\/wp\/v2\/comments?post=1431"}],"version-history":[{"count":3,"href":"https:\/\/bamblue-riad-marrakech.com\/fr\/index.php\/wp-json\/wp\/v2\/pages\/1431\/revisions"}],"predecessor-version":[{"id":1999,"href":"https:\/\/bamblue-riad-marrakech.com\/fr\/index.php\/wp-json\/wp\/v2\/pages\/1431\/revisions\/1999"}],"wp:featuredmedia":[{"embeddable":true,"href":"https:\/\/bamblue-riad-marrakech.com\/fr\/index.php\/wp-json\/wp\/v2\/media\/1859"}],"wp:attachment":[{"href":"https:\/\/bamblue-riad-marrakech.com\/fr\/index.php\/wp-json\/wp\/v2\/media?parent=1431"}],"curies":[{"name":"wp","href":"https:\/\/api.w.org\/{rel}","templated":true}]}}